{"id":794,"date":"2022-10-11T16:10:21","date_gmt":"2022-10-11T14:10:21","guid":{"rendered":"https:\/\/test.uniepool.com\/sob\/"},"modified":"2023-01-24T14:03:49","modified_gmt":"2023-01-24T13:03:49","slug":"sob","status":"publish","type":"page","link":"https:\/\/uniepool.com\/pl\/sob\/","title":{"rendered":"SOB"},"content":{"rendered":"<p><div class=\"fusion-fullwidth fullwidth-box fusion-builder-row-1 fusion-flex-container fusion-parallax-none nonhundred-percent-fullwidth non-hundred-percent-height-scrolling fusion-custom-z-index\" style=\"--link_hover_color: var(--awb-color4);--awb-background-position:right center;--awb-background-blend-mode:multiply;--awb-border-radius-top-left:0px;--awb-border-radius-top-right:0px;--awb-border-radius-bottom-right:0px;--awb-border-radius-bottom-left:0px;--awb-z-index:0;--awb-padding-top:40px;--awb-padding-bottom:40px;--awb-min-height:22.5vw;--awb-background-color:var(--awb-custom_color_4);--awb-background-image:url(&quot;https:\/\/uniepool.com\/wp-content\/uploads\/2022\/12\/mvo-unie-pool-01.jpg&quot;);--awb-background-size:cover;--awb-flex-wrap:wrap;\" ><div class=\"fusion-builder-row fusion-row fusion-flex-align-items-flex-start fusion-flex-content-wrap\" style=\"max-width:1272px;margin-left: calc(-6% \/ 2 );margin-right: calc(-6% \/ 2 );\"><div class=\"fusion-layout-column fusion_builder_column fusion-builder-column-0 fusion_builder_column_1_1 1_1 fusion-flex-column\" style=\"--awb-bg-size:cover;--awb-width-large:100%;--awb-margin-top-large:0px;--awb-spacing-right-large:2.82%;--awb-margin-bottom-large:20px;--awb-spacing-left-large:2.82%;--awb-width-medium:100%;--awb-order-medium:0;--awb-spacing-right-medium:2.82%;--awb-spacing-left-medium:2.82%;--awb-width-small:100%;--awb-order-small:0;--awb-spacing-right-small:2.82%;--awb-spacing-left-small:2.82%;\"><div class=\"fusion-column-wrapper fusion-column-has-shadow fusion-flex-justify-content-flex-start fusion-content-layout-column\"><div class=\"fusion-title title fusion-title-1 fusion-sep-none fusion-title-text fusion-title-size-one\" style=\"--awb-text-color:var(--awb-color1);--awb-margin-top-small:10px;--awb-margin-right-small:0px;--awb-margin-bottom-small:10px;--awb-margin-left-small:0px;\"><h1 class=\"fusion-title-heading title-heading-left fusion-responsive-typography-calculated\" style=\"margin:0;--fontSize:64;line-height:var(--awb-typography1-line-height);\">SOB<\/h1><\/div><\/div><\/div><div class=\"fusion-layout-column fusion_builder_column fusion-builder-column-1 fusion_builder_column_1_2 1_2 fusion-flex-column\" style=\"--awb-bg-size:cover;--awb-width-large:50%;--awb-margin-top-large:0px;--awb-spacing-right-large:5.64%;--awb-margin-bottom-large:20px;--awb-spacing-left-large:5.64%;--awb-width-medium:50%;--awb-order-medium:0;--awb-spacing-right-medium:5.64%;--awb-spacing-left-medium:5.64%;--awb-width-small:100%;--awb-order-small:0;--awb-spacing-right-small:2.82%;--awb-spacing-left-small:2.82%;\"><div class=\"fusion-column-wrapper fusion-column-has-shadow fusion-flex-justify-content-flex-start fusion-content-layout-column\"><div class=\"fusion-text fusion-text-1\" style=\"--awb-text-color:var(--awb-color1);\"><p><strong>Agencja Unie-Pool Personeel B.V. Wychodzi z za\u0142o\u017cenia, \u017ce polityka spo\u0142ecznej odpowiedzialno\u015bci biznesu (SOB) jest niezb\u0119dna w naszej organizacji. Uwaga skupia si\u0119 na ludziach \u2013 zar\u00f3wno w organizacji, jak i poza ni\u0105. <\/strong><\/p>\n<\/div><div ><a class=\"fusion-button button-flat button-large button-default fusion-button-default button-1 fusion-button-default-span fusion-button-default-type\" target=\"_self\" href=\"#mvo-unie-pool\"><span class=\"fusion-button-text awb-button__text awb-button__text--default\">SOB w Unie-Pool<\/span><\/a><\/div><\/div><\/div><div class=\"fusion-layout-column fusion_builder_column fusion-builder-column-2 fusion_builder_column_1_2 1_2 fusion-flex-column\" style=\"--awb-bg-size:cover;--awb-width-large:50%;--awb-margin-top-large:0px;--awb-spacing-right-large:5.64%;--awb-margin-bottom-large:20px;--awb-spacing-left-large:5.64%;--awb-width-medium:50%;--awb-order-medium:0;--awb-spacing-right-medium:5.64%;--awb-spacing-left-medium:5.64%;--awb-width-small:100%;--awb-order-small:0;--awb-spacing-right-small:2.82%;--awb-spacing-left-small:2.82%;\"><div class=\"fusion-column-wrapper fusion-column-has-shadow fusion-flex-justify-content-flex-start fusion-content-layout-column\"><\/div><\/div><\/div><\/div><div class=\"fusion-fullwidth fullwidth-box fusion-builder-row-2 fusion-flex-container nonhundred-percent-fullwidth non-hundred-percent-height-scrolling\" style=\"--awb-border-radius-top-left:0px;--awb-border-radius-top-right:0px;--awb-border-radius-bottom-right:0px;--awb-border-radius-bottom-left:0px;--awb-flex-wrap:wrap;\" ><div class=\"fusion-builder-row fusion-row fusion-flex-align-items-flex-start fusion-flex-content-wrap\" style=\"max-width:1272px;margin-left: calc(-6% \/ 2 );margin-right: calc(-6% \/ 2 );\"><div class=\"fusion-layout-column fusion_builder_column fusion-builder-column-3 fusion_builder_column_1_1 1_1 fusion-flex-column\" style=\"--awb-bg-size:cover;--awb-width-large:100%;--awb-margin-top-large:0px;--awb-spacing-right-large:2.82%;--awb-margin-bottom-large:20px;--awb-spacing-left-large:2.82%;--awb-width-medium:100%;--awb-order-medium:0;--awb-spacing-right-medium:2.82%;--awb-spacing-left-medium:2.82%;--awb-width-small:100%;--awb-order-small:0;--awb-spacing-right-small:2.82%;--awb-spacing-left-small:2.82%;\"><div class=\"fusion-column-wrapper fusion-column-has-shadow fusion-flex-justify-content-flex-start fusion-content-layout-column\"><div class=\"fusion-title title fusion-title-2 fusion-sep-none fusion-title-text fusion-title-size-two\" style=\"--awb-margin-top-small:10px;--awb-margin-right-small:0px;--awb-margin-bottom-small:10px;--awb-margin-left-small:0px;\"><h2 class=\"fusion-title-heading title-heading-left fusion-responsive-typography-calculated\" style=\"margin:0;--fontSize:48;line-height:var(--awb-typography1-line-height);\">Spo\u0142eczna odpowiedzialno\u015b\u0107 biznesu<\/h2><\/div><\/div><\/div><div class=\"fusion-layout-column fusion_builder_column fusion-builder-column-4 fusion_builder_column_3_4 3_4 fusion-flex-column\" style=\"--awb-bg-size:cover;--awb-width-large:75%;--awb-margin-top-large:0px;--awb-spacing-right-large:3.76%;--awb-margin-bottom-large:20px;--awb-spacing-left-large:3.76%;--awb-width-medium:75%;--awb-order-medium:0;--awb-spacing-right-medium:3.76%;--awb-spacing-left-medium:3.76%;--awb-width-small:100%;--awb-order-small:0;--awb-spacing-right-small:2.82%;--awb-spacing-left-small:2.82%;\"><div class=\"fusion-column-wrapper fusion-column-has-shadow fusion-flex-justify-content-flex-start fusion-content-layout-column\"><div class=\"fusion-text fusion-text-2\"><p>Tworzenie miejsc pracy, oferowanie certyfikowanych lokalizacji mieszkalnych i odpowiedniego transportu. Wspieranie klub\u00f3w sportowych i zapewnienie dobrych warunk\u00f3w pracy. Punktem wyj\u015bcia dla polityki CSR jest fakt, \u017ce musi ona nie tylko pozytywnie wp\u0142ywa\u0107 na spo\u0142ecze\u0144stwo i \u015brodowisko oraz bra\u0107 za to odpowiedzialno\u015b\u0107, ale ostatecznie musi by\u0107 r\u00f3wnie\u017c korzystna dla samej firmy.<\/p>\n<p>Oto kilka konkretnych przyk\u0142ad\u00f3w maj\u0105cych zastosowanie w naszej organizacji:<\/p>\n<\/div><ul style=\"--awb-line-height:27.2px;--awb-icon-width:27.2px;--awb-icon-height:27.2px;--awb-icon-margin:11.2px;--awb-content-margin:38.4px;--awb-circlecolor:var(--awb-custom_color_3);--awb-circle-yes-font-size:14.08px;\" class=\"fusion-checklist fusion-checklist-1 fusion-checklist-default type-icons\"><li class=\"fusion-li-item\" style=\"\"><span class=\"icon-wrapper circle-yes\"><i class=\"fusion-li-icon fa-check fas\" aria-hidden=\"true\"><\/i><\/span><div class=\"fusion-li-item-content\">\n<p>Zr\u00f3wnowa\u017cone rozwi\u0105zania energetyczne: panele s\u0142oneczne, stacje \u0142adowania, jazda hybrydowa<\/p>\n<\/div><\/li><li class=\"fusion-li-item\" style=\"\"><span class=\"icon-wrapper circle-yes\"><i class=\"fusion-li-icon fa-check fas\" aria-hidden=\"true\"><\/i><\/span><div class=\"fusion-li-item-content\">\n<p>\u015arodki zapewniaj\u0105ce energooszcz\u0119dno\u015b\u0107: nasze domy s\u0105 wyposa\u017cone w zarz\u0105dzanie systemem centralnego ogrzewania<\/p>\n<\/div><\/li><li class=\"fusion-li-item\" style=\"\"><span class=\"icon-wrapper circle-yes\"><i class=\"fusion-li-icon fa-check fas\" aria-hidden=\"true\"><\/i><\/span><div class=\"fusion-li-item-content\">\n<p>Redukcja i recykling odpad\u00f3w: odpady s\u0105 segregowane<\/p>\n<\/div><\/li><li class=\"fusion-li-item\" style=\"\"><span class=\"icon-wrapper circle-yes\"><i class=\"fusion-li-icon fa-check fas\" aria-hidden=\"true\"><\/i><\/span><div class=\"fusion-li-item-content\">\n<p>Zdrowie \u2013 Spo\u0142ecze\u0144stwo \u2013 \u015arodowisko: Unie-Pool sponsoruje r\u00f3\u017cne kluby pi\u0142karskie, aby nieustannie mog\u0142y u\u0142atwia\u0107 uprawianie sportu swoim cz\u0142onkom<\/p>\n<\/div><\/li><li class=\"fusion-li-item\" style=\"\"><span class=\"icon-wrapper circle-yes\"><i class=\"fusion-li-icon fa-check fas\" aria-hidden=\"true\"><\/i><\/span><div class=\"fusion-li-item-content\">\n<p>Zr\u00f3wnowa\u017cony transport: je\u015bli chodzi o dojazd do pracy i powr\u00f3t do domu, pracownicy doje\u017cd\u017caj\u0105 wsp\u00f3lnie busami<\/p>\n<\/div><\/li><li class=\"fusion-li-item\" style=\"\"><span class=\"icon-wrapper circle-yes\"><i class=\"fusion-li-icon fa-check fas\" aria-hidden=\"true\"><\/i><\/span><div class=\"fusion-li-item-content\">\n<p>Wewn\u0119trzna polityka pracownicza promuj\u0105ca zdrowie: wszystkie miejsca pracy s\u0105 zaprojektowane w spos\u00f3b ergonomiczny<\/p>\n<\/div><\/li><\/ul><\/div><\/div><\/div><\/div><\/p>\n","protected":false},"excerpt":{"rendered":"","protected":false},"author":1,"featured_media":0,"parent":0,"menu_order":20,"comment_status":"closed","ping_status":"closed","template":"100-width.php","meta":{"_acf_changed":false,"footnotes":""},"class_list":["post-794","page","type-page","status-publish","hentry"],"acf":[],"yoast_head":"<!-- This site is optimized with the Yoast SEO plugin v27.3 - https:\/\/yoast.com\/product\/yoast-seo-wordpress\/ -->\n<title>SOB - Unie-Pool<\/title>\n<meta name=\"robots\" content=\"index, follow, max-snippet:-1, max-image-preview:large, max-video-preview:-1\" \/>\n<link rel=\"canonical\" href=\"https:\/\/uniepool.com\/pl\/sob\/\" \/>\n<meta property=\"og:locale\" content=\"pl_PL\" \/>\n<meta property=\"og:type\" content=\"article\" \/>\n<meta property=\"og:title\" content=\"SOB - Unie-Pool\" \/>\n<meta property=\"og:url\" content=\"https:\/\/uniepool.com\/pl\/sob\/\" \/>\n<meta property=\"og:site_name\" content=\"Unie-Pool\" \/>\n<meta property=\"article:publisher\" content=\"https:\/\/www.facebook.com\/uniepoolpersoneel\/\" \/>\n<meta property=\"article:modified_time\" content=\"2023-01-24T13:03:49+00:00\" \/>\n<meta name=\"twitter:card\" content=\"summary_large_image\" \/>\n<meta name=\"twitter:label1\" content=\"Szacowany czas czytania\" \/>\n\t<meta name=\"twitter:data1\" content=\"6 minut\" \/>\n<script type=\"application\/ld+json\" class=\"yoast-schema-graph\">{\"@context\":\"https:\\\/\\\/schema.org\",\"@graph\":[{\"@type\":\"WebPage\",\"@id\":\"https:\\\/\\\/uniepool.com\\\/pl\\\/sob\\\/\",\"url\":\"https:\\\/\\\/uniepool.com\\\/pl\\\/sob\\\/\",\"name\":\"SOB - Unie-Pool\",\"isPartOf\":{\"@id\":\"https:\\\/\\\/uniepool.com\\\/pl\\\/#website\"},\"datePublished\":\"2022-10-11T14:10:21+00:00\",\"dateModified\":\"2023-01-24T13:03:49+00:00\",\"breadcrumb\":{\"@id\":\"https:\\\/\\\/uniepool.com\\\/pl\\\/sob\\\/#breadcrumb\"},\"inLanguage\":\"pl-PL\",\"potentialAction\":[{\"@type\":\"ReadAction\",\"target\":[\"https:\\\/\\\/uniepool.com\\\/pl\\\/sob\\\/\"]}]},{\"@type\":\"BreadcrumbList\",\"@id\":\"https:\\\/\\\/uniepool.com\\\/pl\\\/sob\\\/#breadcrumb\",\"itemListElement\":[{\"@type\":\"ListItem\",\"position\":1,\"name\":\"Home\",\"item\":\"https:\\\/\\\/uniepool.com\\\/pl\\\/\"},{\"@type\":\"ListItem\",\"position\":2,\"name\":\"SOB\"}]},{\"@type\":\"WebSite\",\"@id\":\"https:\\\/\\\/uniepool.com\\\/pl\\\/#website\",\"url\":\"https:\\\/\\\/uniepool.com\\\/pl\\\/\",\"name\":\"Unie-Pool Personeel\",\"description\":\"Werving &amp; selectie voor o.a. productiebedrijven en logistieke sectoren\",\"alternateName\":\"Unie-Pool\",\"potentialAction\":[{\"@type\":\"SearchAction\",\"target\":{\"@type\":\"EntryPoint\",\"urlTemplate\":\"https:\\\/\\\/uniepool.com\\\/pl\\\/?s={search_term_string}\"},\"query-input\":{\"@type\":\"PropertyValueSpecification\",\"valueRequired\":true,\"valueName\":\"search_term_string\"}}],\"inLanguage\":\"pl-PL\"}]}<\/script>\n<!-- \/ Yoast SEO plugin. -->","yoast_head_json":{"title":"SOB - Unie-Pool","robots":{"index":"index","follow":"follow","max-snippet":"max-snippet:-1","max-image-preview":"max-image-preview:large","max-video-preview":"max-video-preview:-1"},"canonical":"https:\/\/uniepool.com\/pl\/sob\/","og_locale":"pl_PL","og_type":"article","og_title":"SOB - Unie-Pool","og_url":"https:\/\/uniepool.com\/pl\/sob\/","og_site_name":"Unie-Pool","article_publisher":"https:\/\/www.facebook.com\/uniepoolpersoneel\/","article_modified_time":"2023-01-24T13:03:49+00:00","twitter_card":"summary_large_image","twitter_misc":{"Szacowany czas czytania":"6 minut"},"schema":{"@context":"https:\/\/schema.org","@graph":[{"@type":"WebPage","@id":"https:\/\/uniepool.com\/pl\/sob\/","url":"https:\/\/uniepool.com\/pl\/sob\/","name":"SOB - Unie-Pool","isPartOf":{"@id":"https:\/\/uniepool.com\/pl\/#website"},"datePublished":"2022-10-11T14:10:21+00:00","dateModified":"2023-01-24T13:03:49+00:00","breadcrumb":{"@id":"https:\/\/uniepool.com\/pl\/sob\/#breadcrumb"},"inLanguage":"pl-PL","potentialAction":[{"@type":"ReadAction","target":["https:\/\/uniepool.com\/pl\/sob\/"]}]},{"@type":"BreadcrumbList","@id":"https:\/\/uniepool.com\/pl\/sob\/#breadcrumb","itemListElement":[{"@type":"ListItem","position":1,"name":"Home","item":"https:\/\/uniepool.com\/pl\/"},{"@type":"ListItem","position":2,"name":"SOB"}]},{"@type":"WebSite","@id":"https:\/\/uniepool.com\/pl\/#website","url":"https:\/\/uniepool.com\/pl\/","name":"Unie-Pool Personeel","description":"Werving &amp; selectie voor o.a. productiebedrijven en logistieke sectoren","alternateName":"Unie-Pool","potentialAction":[{"@type":"SearchAction","target":{"@type":"EntryPoint","urlTemplate":"https:\/\/uniepool.com\/pl\/?s={search_term_string}"},"query-input":{"@type":"PropertyValueSpecification","valueRequired":true,"valueName":"search_term_string"}}],"inLanguage":"pl-PL"}]}},"_links":{"self":[{"href":"https:\/\/uniepool.com\/pl\/wp-json\/wp\/v2\/pages\/794","targetHints":{"allow":["GET"]}}],"collection":[{"href":"https:\/\/uniepool.com\/pl\/wp-json\/wp\/v2\/pages"}],"about":[{"href":"https:\/\/uniepool.com\/pl\/wp-json\/wp\/v2\/types\/page"}],"author":[{"embeddable":true,"href":"https:\/\/uniepool.com\/pl\/wp-json\/wp\/v2\/users\/1"}],"replies":[{"embeddable":true,"href":"https:\/\/uniepool.com\/pl\/wp-json\/wp\/v2\/comments?post=794"}],"version-history":[{"count":3,"href":"https:\/\/uniepool.com\/pl\/wp-json\/wp\/v2\/pages\/794\/revisions"}],"predecessor-version":[{"id":1270,"href":"https:\/\/uniepool.com\/pl\/wp-json\/wp\/v2\/pages\/794\/revisions\/1270"}],"wp:attachment":[{"href":"https:\/\/uniepool.com\/pl\/wp-json\/wp\/v2\/media?parent=794"}],"curies":[{"name":"wp","href":"https:\/\/api.w.org\/{rel}","templated":true}]}}