{"id":773,"date":"2022-10-11T16:08:29","date_gmt":"2022-10-11T14:08:29","guid":{"rendered":"https:\/\/test.uniepool.com\/pracodawca\/"},"modified":"2023-01-24T13:57:28","modified_gmt":"2023-01-24T12:57:28","slug":"pracodawca","status":"publish","type":"page","link":"https:\/\/uniepool.com\/pl\/pracodawca\/","title":{"rendered":"Pracodawca"},"content":{"rendered":"<p><div class=\"fusion-fullwidth fullwidth-box fusion-builder-row-1 fusion-flex-container fusion-parallax-none nonhundred-percent-fullwidth non-hundred-percent-height-scrolling fusion-custom-z-index\" style=\"--link_hover_color: var(--awb-color4);--awb-background-position:right center;--awb-background-blend-mode:multiply;--awb-border-radius-top-left:0px;--awb-border-radius-top-right:0px;--awb-border-radius-bottom-right:0px;--awb-border-radius-bottom-left:0px;--awb-z-index:0;--awb-padding-top:40px;--awb-padding-bottom:40px;--awb-min-height:22.5vw;--awb-background-color:var(--awb-custom_color_4);--awb-background-image:url(&quot;https:\/\/uniepool.com\/wp-content\/uploads\/2022\/11\/unie-pool-werkgevers-01.jpg&quot;);--awb-background-size:cover;--awb-flex-wrap:wrap;\" ><div class=\"fusion-builder-row fusion-row fusion-flex-align-items-flex-start fusion-flex-content-wrap\" style=\"max-width:1272px;margin-left: calc(-6% \/ 2 );margin-right: calc(-6% \/ 2 );\"><div class=\"fusion-layout-column fusion_builder_column fusion-builder-column-0 fusion_builder_column_1_1 1_1 fusion-flex-column\" style=\"--awb-bg-size:cover;--awb-width-large:100%;--awb-margin-top-large:0px;--awb-spacing-right-large:2.82%;--awb-margin-bottom-large:20px;--awb-spacing-left-large:2.82%;--awb-width-medium:100%;--awb-order-medium:0;--awb-spacing-right-medium:2.82%;--awb-spacing-left-medium:2.82%;--awb-width-small:100%;--awb-order-small:0;--awb-spacing-right-small:2.82%;--awb-spacing-left-small:2.82%;\"><div class=\"fusion-column-wrapper fusion-column-has-shadow fusion-flex-justify-content-flex-start fusion-content-layout-column\"><div class=\"fusion-title title fusion-title-1 fusion-sep-none fusion-title-text fusion-title-size-one\" style=\"--awb-text-color:var(--awb-color1);--awb-margin-top-small:10px;--awb-margin-right-small:0px;--awb-margin-bottom-small:10px;--awb-margin-left-small:0px;\"><h1 class=\"fusion-title-heading title-heading-left fusion-responsive-typography-calculated\" style=\"margin:0;--fontSize:64;line-height:var(--awb-typography1-line-height);\">Pracodawca<\/h1><\/div><\/div><\/div><div class=\"fusion-layout-column fusion_builder_column fusion-builder-column-1 fusion_builder_column_1_2 1_2 fusion-flex-column\" style=\"--awb-bg-size:cover;--awb-width-large:50%;--awb-margin-top-large:0px;--awb-spacing-right-large:5.64%;--awb-margin-bottom-large:20px;--awb-spacing-left-large:5.64%;--awb-width-medium:50%;--awb-order-medium:0;--awb-spacing-right-medium:5.64%;--awb-spacing-left-medium:5.64%;--awb-width-small:100%;--awb-order-small:0;--awb-spacing-right-small:2.82%;--awb-spacing-left-small:2.82%;\"><div class=\"fusion-column-wrapper fusion-column-has-shadow fusion-flex-justify-content-flex-start fusion-content-layout-column\"><div class=\"fusion-text fusion-text-1\" style=\"--awb-text-color:var(--awb-color1);\"><p><strong>Je\u015bli szukasz pracownik\u00f3w tymczasowych lub na d\u0142u\u017cszy okres, na pe\u0142ny etat lub w niepe\u0142nym wymiarze godzin, w sektorze produkcyjnym, w logistyce, przy sprz\u0105taniu lub w bran\u017cy technologicznej, chcieliby\u015bmy dowiedzie\u0107 si\u0119 wi\u0119cej o Tobie i Twojej firmie. Ustalmy, czego szukasz i jak mo\u017cemy Ci pom\u00f3c. <\/strong><\/p>\n<\/div><div ><a class=\"fusion-button button-flat button-large button-default fusion-button-default button-1 fusion-button-default-span fusion-button-default-type\" target=\"_self\" href=\"#onze-diensten\"><span class=\"fusion-button-text awb-button__text awb-button__text--default\">Nasze us\u0142ugi<\/span><\/a><\/div><\/div><\/div><div class=\"fusion-layout-column fusion_builder_column fusion-builder-column-2 fusion_builder_column_1_2 1_2 fusion-flex-column\" style=\"--awb-bg-size:cover;--awb-width-large:50%;--awb-margin-top-large:0px;--awb-spacing-right-large:5.64%;--awb-margin-bottom-large:20px;--awb-spacing-left-large:5.64%;--awb-width-medium:50%;--awb-order-medium:0;--awb-spacing-right-medium:5.64%;--awb-spacing-left-medium:5.64%;--awb-width-small:100%;--awb-order-small:0;--awb-spacing-right-small:2.82%;--awb-spacing-left-small:2.82%;\"><div class=\"fusion-column-wrapper fusion-column-has-shadow fusion-flex-justify-content-flex-start fusion-content-layout-column\"><\/div><\/div><\/div><\/div><div class=\"fusion-fullwidth fullwidth-box fusion-builder-row-2 fusion-flex-container nonhundred-percent-fullwidth non-hundred-percent-height-scrolling\" style=\"--awb-border-radius-top-left:0px;--awb-border-radius-top-right:0px;--awb-border-radius-bottom-right:0px;--awb-border-radius-bottom-left:0px;--awb-padding-top:40px;--awb-padding-bottom:40px;--awb-flex-wrap:wrap;\" ><div class=\"fusion-builder-row fusion-row fusion-flex-align-items-flex-start fusion-flex-content-wrap\" style=\"max-width:1272px;margin-left: calc(-6% \/ 2 );margin-right: calc(-6% \/ 2 );\"><div class=\"fusion-layout-column fusion_builder_column fusion-builder-column-3 fusion_builder_column_3_4 3_4 fusion-flex-column\" style=\"--awb-bg-size:cover;--awb-width-large:75%;--awb-margin-top-large:0px;--awb-spacing-right-large:3.76%;--awb-margin-bottom-large:20px;--awb-spacing-left-large:3.76%;--awb-width-medium:75%;--awb-order-medium:0;--awb-spacing-right-medium:3.76%;--awb-spacing-left-medium:3.76%;--awb-width-small:100%;--awb-order-small:0;--awb-spacing-right-small:2.82%;--awb-spacing-left-small:2.82%;\"><div class=\"fusion-column-wrapper fusion-column-has-shadow fusion-flex-justify-content-flex-start fusion-content-layout-column\"><div class=\"fusion-title title fusion-title-2 fusion-sep-none fusion-title-text fusion-title-size-two\" style=\"--awb-margin-top-small:10px;--awb-margin-right-small:0px;--awb-margin-bottom-small:10px;--awb-margin-left-small:0px;\" id=\"onze-diensten\"><h2 class=\"fusion-title-heading title-heading-left fusion-responsive-typography-calculated\" style=\"margin:0;--fontSize:48;line-height:var(--awb-typography1-line-height);\">Us\u0142ugi agencji Unie-Pool<\/h2><\/div><div class=\"fusion-text fusion-text-2\"><p>Od 2004 roku agencja pracy Unie-Pool jest niezawodnym partnerem w bran\u017cy wyszukiwania pracownik\u00f3w wielobran\u017cowych dla niezliczonych firm. Unie-Pool to pragmatyczna i konkretna firma oferuj\u0105ca praktyczne rozwi\u0105zania. Wsp\u00f3\u0142praca z nasz\u0105 agencj\u0105 oznacza, \u017ce w 100% odci\u0105\u017cymy Ci\u0119 w kwestii znalezienia pracownik\u00f3w. Masz gwarancj\u0119 wysokiego poziomu i produktywno\u015bci pracownik\u00f3w zapewnionych przez nasz\u0105 agencj\u0119. Dzi\u0119ki temu kierownicy produkcji w Twojej firmie mog\u0105 skoncentrowa\u0107 si\u0119 na swoich podstawowych obowi\u0105zkach. Agencja Unie-Pool nie ma sztywnych godzin pracy i jest dost\u0119pna 24 godziny na dob\u0119, przez 7 dni w tygodniu. Dzi\u0119ki temu mo\u017cemy reagowa\u0107 szybko, skutecznie i stosownie do sytuacji.<\/p>\n<h3><strong>Praca tymczasowa<\/strong><\/h3>\n<p>Zatrudnienie pracownika tymczasowego za po\u015brednictwem agencji Unie-Pool zapewnia Twojej firmie elastyczno\u015b\u0107, oszcz\u0119dno\u015b\u0107 koszt\u00f3w, wygod\u0119 oraz zapobiegnie problemom z wydajno\u015bci\u0105 w razie choroby pracownika. Nasi rekruterzy maj\u0105 rozbudowan\u0105 sie\u0107 m.in. w Polsce i na \u0141otwie, dzi\u0119ki kt\u00f3rej zawieraj\u0105 umowy z osobami, kt\u00f3re chc\u0105 pracowa\u0107, uczy\u0107 si\u0119 i mieszka\u0107 w Holandii tymczasowo lub na d\u0142u\u017cej.<\/p>\n<h3><strong>Oddelegowanie <\/strong><\/h3>\n<p>Zlecenie wykonania zadania, czyli oddelegowanie za po\u015brednictwem agencji Unie-Pool oznacza dla Twojej firmy elastyczno\u015b\u0107, a jednocze\u015bnie pewno\u015b\u0107 sta\u0142ej obsady miejsc pracy w uzgodnionym okresie obowi\u0105zywania umowy. Pewno\u015b\u0107 dyspozycyjno\u015bci dodatkowego pracownika (pracownik\u00f3w) w przypadku strukturalnego wzrostu zapotrzebowania lub ze wzgl\u0119du na przyk\u0142ad na d\u0142ugotrwa\u0142\u0105 nieobecno\u015b\u0107 w pracy innego pracownika w Twojej firmie. Dzi\u0119ki temu nie jeste\u015b nara\u017cony na \u015brodki administracyjne ani na ryzyko zachorowania pracownika. W agencji Unie-Pool zyskujesz proaktywnego, zorientowanego na rozwi\u0105zania i ch\u0119tnego do wsp\u00f3\u0142pracy partnera.<\/p>\n<\/div><div ><a class=\"fusion-button button-flat button-large button-default fusion-button-default button-2 fusion-button-default-span fusion-button-default-type\" target=\"_self\" href=\"#vacature-aanmelden\"><span class=\"fusion-button-text awb-button__text awb-button__text--default\">Z\u0142\u00f3\u017c podanie o prac\u0119<\/span><\/a><\/div><\/div><\/div><div class=\"fusion-layout-column fusion_builder_column fusion-builder-column-4 fusion_builder_column_1_4 1_4 fusion-flex-column\" style=\"--awb-bg-size:cover;--awb-width-large:25%;--awb-margin-top-large:0px;--awb-spacing-right-large:11.28%;--awb-margin-bottom-large:20px;--awb-spacing-left-large:11.28%;--awb-width-medium:25%;--awb-order-medium:0;--awb-spacing-right-medium:11.28%;--awb-spacing-left-medium:11.28%;--awb-width-small:100%;--awb-order-small:0;--awb-spacing-right-small:2.82%;--awb-spacing-left-small:2.82%;\"><div class=\"fusion-column-wrapper fusion-column-has-shadow fusion-flex-justify-content-flex-start fusion-content-layout-column\"><\/div><\/div><\/div><\/div><div class=\"fusion-fullwidth fullwidth-box fusion-builder-row-3 fusion-flex-container nonhundred-percent-fullwidth non-hundred-percent-height-scrolling\" style=\"--awb-border-radius-top-left:0px;--awb-border-radius-top-right:0px;--awb-border-radius-bottom-right:0px;--awb-border-radius-bottom-left:0px;--awb-padding-top:40px;--awb-padding-bottom:40px;--awb-margin-top:0px;--awb-margin-bottom:0px;--awb-background-color:var(--awb-color3);--awb-flex-wrap:wrap;\" ><div class=\"fusion-builder-row fusion-row fusion-flex-align-items-flex-start fusion-flex-content-wrap\" style=\"max-width:1272px;margin-left: calc(-6% \/ 2 );margin-right: calc(-6% \/ 2 );\"><div class=\"fusion-layout-column fusion_builder_column fusion-builder-column-5 fusion_builder_column_3_4 3_4 fusion-flex-column\" style=\"--awb-bg-size:cover;--awb-width-large:75%;--awb-margin-top-large:0px;--awb-spacing-right-large:3.76%;--awb-margin-bottom-large:20px;--awb-spacing-left-large:3.76%;--awb-width-medium:75%;--awb-order-medium:0;--awb-spacing-right-medium:3.76%;--awb-spacing-left-medium:3.76%;--awb-width-small:100%;--awb-order-small:0;--awb-spacing-right-small:2.82%;--awb-spacing-left-small:2.82%;\"><div class=\"fusion-column-wrapper fusion-column-has-shadow fusion-flex-justify-content-flex-start fusion-content-layout-column\"><div class=\"fusion-title title fusion-title-3 fusion-sep-none fusion-title-text fusion-title-size-two\" style=\"--awb-margin-top-small:10px;--awb-margin-right-small:0px;--awb-margin-bottom-small:10px;--awb-margin-left-small:0px;\" id=\"vacature-aanmelden\"><h2 class=\"fusion-title-heading title-heading-left fusion-responsive-typography-calculated\" style=\"margin:0;--fontSize:48;line-height:var(--awb-typography1-line-height);\">Z\u0142\u00f3\u017c podanie o prac\u0119<\/h2><\/div><div class=\"fusion-text fusion-text-3\"><p>Chcesz, \u017ceby kandydat ubiega\u0142 si\u0119 bezpo\u015brednio o wakat o Twojej firmie? Zajmijmy si\u0119 tym dla Ciebie! Wraz z naszymi wielobran\u017cowymi pracownikami jeste\u015bmy do Twojej dyspozycji i ch\u0119tnie si\u0119 z Tob\u0105 skontaktujemy. Prosimy o wype\u0142nienie poni\u017cszego formularza, a skontaktujemy si\u0119 z Tob\u0105 najszybciej, jak to mo\u017cliwe.<\/p>\n<\/div>\n<div class=\"wpcf7 no-js\" id=\"wpcf7-f1064-o1\" lang=\"pl-PL\" dir=\"ltr\" data-wpcf7-id=\"1064\">\n<div class=\"screen-reader-response\"><p role=\"status\" aria-live=\"polite\" aria-atomic=\"true\"><\/p> <ul><\/ul><\/div>\n<form action=\"\/pl\/wp-json\/wp\/v2\/pages\/773#wpcf7-f1064-o1\" method=\"post\" class=\"wpcf7-form init wpcf7-acceptance-as-validation\" aria-label=\"Formularz kontaktowy\" novalidate=\"novalidate\" data-status=\"init\">\n<fieldset class=\"hidden-fields-container\"><input type=\"hidden\" name=\"_wpcf7\" value=\"1064\" \/><input type=\"hidden\" name=\"_wpcf7_version\" value=\"6.1.5\" \/><input type=\"hidden\" name=\"_wpcf7_locale\" value=\"pl_PL\" \/><input type=\"hidden\" name=\"_wpcf7_unit_tag\" value=\"wpcf7-f1064-o1\" \/><input type=\"hidden\" name=\"_wpcf7_container_post\" value=\"0\" \/><input type=\"hidden\" name=\"_wpcf7_posted_data_hash\" value=\"\" \/><input type=\"hidden\" name=\"_wpcf7_recaptcha_response\" value=\"\" \/>\n<\/fieldset>\n<p style=\"margin-bottom: 25px;\"><label aria-label=\"name\"><span class=\"wpcf7-form-control-wrap\" data-name=\"voornaam\"><input size=\"40\" maxlength=\"400\" class=\"wpcf7-form-control wpcf7-text wpcf7-validates-as-required\" aria-required=\"true\" aria-invalid=\"false\" placeholder=\"Imi\u0119 *\" value=\"\" type=\"text\" name=\"voornaam\" \/><\/span><\/label>\n<\/p>\n<p style=\"margin-bottom: 25px;\"><label aria-label=\"name\"><span class=\"wpcf7-form-control-wrap\" data-name=\"achternaam\"><input size=\"40\" maxlength=\"400\" class=\"wpcf7-form-control wpcf7-text wpcf7-validates-as-required\" aria-required=\"true\" aria-invalid=\"false\" placeholder=\"Nazwisko *\" value=\"\" type=\"text\" name=\"achternaam\" \/><\/span><\/label>\n<\/p>\n<p style=\"margin-bottom: 25px;\"><label aria-label=\"email\"><span class=\"wpcf7-form-control-wrap\" data-name=\"zakelijke-email\"><input size=\"40\" maxlength=\"400\" class=\"wpcf7-form-control wpcf7-email wpcf7-validates-as-required wpcf7-text wpcf7-validates-as-email\" aria-required=\"true\" aria-invalid=\"false\" placeholder=\"Firmowy adres e-mail *\" value=\"\" type=\"email\" name=\"zakelijke-email\" \/><\/span><\/label>\n<\/p>\n<p style=\"margin-bottom: 25px;\"><label aria-label=\"phone\"><span class=\"wpcf7-form-control-wrap\" data-name=\"telefoonnummer\"><input size=\"40\" maxlength=\"400\" class=\"wpcf7-form-control wpcf7-text wpcf7-validates-as-required\" aria-required=\"true\" aria-invalid=\"false\" placeholder=\"Numer telefonu *\" value=\"\" type=\"text\" name=\"telefoonnummer\" \/><\/span><\/label>\n<\/p>\n<p style=\"margin-bottom: 25px;\"><label aria-label=\"checkemail\"><span class=\"wpcf7-form-control-wrap\" data-name=\"organisatie\"><input size=\"40\" maxlength=\"400\" class=\"wpcf7-form-control wpcf7-text wpcf7-validates-as-required\" aria-required=\"true\" aria-invalid=\"false\" placeholder=\"Organizacja *\" value=\"\" type=\"text\" name=\"organisatie\" \/><\/span><\/label>\n<\/p>\n<p style=\"margin-bottom: 25px;\"><label aria-label=\"checkemail\"><span class=\"wpcf7-form-control-wrap\" data-name=\"woonplaats\"><input size=\"40\" maxlength=\"400\" class=\"wpcf7-form-control wpcf7-text wpcf7-validates-as-required\" aria-required=\"true\" aria-invalid=\"false\" placeholder=\"Rezydencja *\" value=\"\" type=\"text\" name=\"woonplaats\" \/><\/span><\/label>\n<\/p>\n<p style=\"margin-bottom: 25px;\"><label aria-label=\"message\"><span class=\"wpcf7-form-control-wrap\" data-name=\"vraag-opmerking\"><textarea cols=\"40\" rows=\"10\" maxlength=\"2000\" class=\"wpcf7-form-control wpcf7-textarea\" aria-invalid=\"false\" placeholder=\"Wszelkie pytania lub komentarze\" name=\"vraag-opmerking\"><\/textarea><\/span><\/label>\n<\/p>\n<p><span class=\"wpcf7-form-control-wrap\" data-name=\"your-acceptance\"><span class=\"wpcf7-form-control wpcf7-acceptance\"><span class=\"wpcf7-list-item\"><label><input type=\"checkbox\" name=\"your-acceptance\" value=\"1\" aria-invalid=\"false\" \/><span class=\"wpcf7-list-item-label\">Korzystaj\u0105c z tego formularza, wyra\u017casz zgod\u0119 na nasze o\u015bwiadczenie o <a href=\"https:\/\/www.uniepool.com\/pl\/prywatnosc\/\" target=\"_blank\">ochronie prywatno\u015bci<\/a><\/span><\/label><\/span><\/span><\/span>\n<\/p>\n<p style=\"margin-bottom: 25px;\"><input class=\"wpcf7-form-control wpcf7-submit has-spinner\" type=\"submit\" value=\"Wysy\u0142a\u0107\" \/>\n<\/p><div class=\"fusion-alert alert custom alert-custom fusion-alert-center wpcf7-response-output awb-alert-native-link-color alert-dismissable awb-alert-close-boxed\" style=\"--awb-border-size:1px;--awb-border-top-left-radius:0px;--awb-border-top-right-radius:0px;--awb-border-bottom-left-radius:0px;--awb-border-bottom-right-radius:0px;\" role=\"alert\"><div class=\"fusion-alert-content-wrapper\"><span class=\"fusion-alert-content\"><\/span><\/div><button type=\"button\" class=\"close toggle-alert\" data-dismiss=\"alert\" aria-label=\"Close\">&times;<\/button><\/div>\n<\/form>\n<\/div>\n<\/div><\/div><div class=\"fusion-layout-column fusion_builder_column fusion-builder-column-6 fusion_builder_column_1_4 1_4 fusion-flex-column\" style=\"--awb-bg-size:cover;--awb-width-large:25%;--awb-margin-top-large:0px;--awb-spacing-right-large:11.28%;--awb-margin-bottom-large:20px;--awb-spacing-left-large:11.28%;--awb-width-medium:25%;--awb-order-medium:0;--awb-spacing-right-medium:11.28%;--awb-spacing-left-medium:11.28%;--awb-width-small:100%;--awb-order-small:0;--awb-spacing-right-small:2.82%;--awb-spacing-left-small:2.82%;\"><div class=\"fusion-column-wrapper fusion-column-has-shadow fusion-flex-justify-content-flex-start fusion-content-layout-column\"><\/div><\/div><\/div><\/div><\/p>\n","protected":false},"excerpt":{"rendered":"","protected":false},"author":1,"featured_media":0,"parent":0,"menu_order":10,"comment_status":"closed","ping_status":"closed","template":"100-width.php","meta":{"_acf_changed":false,"footnotes":""},"class_list":["post-773","page","type-page","status-publish","hentry"],"acf":[],"yoast_head":"<!-- This site is optimized with the Yoast SEO plugin v27.3 - https:\/\/yoast.com\/product\/yoast-seo-wordpress\/ -->\n<title>Pracodawca - Unie-Pool<\/title>\n<meta name=\"robots\" content=\"index, follow, max-snippet:-1, max-image-preview:large, max-video-preview:-1\" \/>\n<link rel=\"canonical\" href=\"https:\/\/uniepool.com\/pl\/pracodawca\/\" \/>\n<meta property=\"og:locale\" content=\"pl_PL\" \/>\n<meta property=\"og:type\" content=\"article\" \/>\n<meta property=\"og:title\" content=\"Pracodawca - Unie-Pool\" \/>\n<meta property=\"og:url\" content=\"https:\/\/uniepool.com\/pl\/pracodawca\/\" \/>\n<meta property=\"og:site_name\" content=\"Unie-Pool\" \/>\n<meta property=\"article:publisher\" content=\"https:\/\/www.facebook.com\/uniepoolpersoneel\/\" \/>\n<meta property=\"article:modified_time\" content=\"2023-01-24T12:57:28+00:00\" \/>\n<meta name=\"twitter:card\" content=\"summary_large_image\" \/>\n<meta name=\"twitter:label1\" content=\"Szacowany czas czytania\" \/>\n\t<meta name=\"twitter:data1\" content=\"9 minut\" \/>\n<script type=\"application\/ld+json\" class=\"yoast-schema-graph\">{\"@context\":\"https:\\\/\\\/schema.org\",\"@graph\":[{\"@type\":\"WebPage\",\"@id\":\"https:\\\/\\\/uniepool.com\\\/pl\\\/pracodawca\\\/\",\"url\":\"https:\\\/\\\/uniepool.com\\\/pl\\\/pracodawca\\\/\",\"name\":\"Pracodawca - Unie-Pool\",\"isPartOf\":{\"@id\":\"https:\\\/\\\/uniepool.com\\\/pl\\\/#website\"},\"datePublished\":\"2022-10-11T14:08:29+00:00\",\"dateModified\":\"2023-01-24T12:57:28+00:00\",\"breadcrumb\":{\"@id\":\"https:\\\/\\\/uniepool.com\\\/pl\\\/pracodawca\\\/#breadcrumb\"},\"inLanguage\":\"pl-PL\",\"potentialAction\":[{\"@type\":\"ReadAction\",\"target\":[\"https:\\\/\\\/uniepool.com\\\/pl\\\/pracodawca\\\/\"]}]},{\"@type\":\"BreadcrumbList\",\"@id\":\"https:\\\/\\\/uniepool.com\\\/pl\\\/pracodawca\\\/#breadcrumb\",\"itemListElement\":[{\"@type\":\"ListItem\",\"position\":1,\"name\":\"Home\",\"item\":\"https:\\\/\\\/uniepool.com\\\/pl\\\/\"},{\"@type\":\"ListItem\",\"position\":2,\"name\":\"Pracodawca\"}]},{\"@type\":\"WebSite\",\"@id\":\"https:\\\/\\\/uniepool.com\\\/pl\\\/#website\",\"url\":\"https:\\\/\\\/uniepool.com\\\/pl\\\/\",\"name\":\"Unie-Pool Personeel\",\"description\":\"Werving &amp; selectie voor o.a. productiebedrijven en logistieke sectoren\",\"alternateName\":\"Unie-Pool\",\"potentialAction\":[{\"@type\":\"SearchAction\",\"target\":{\"@type\":\"EntryPoint\",\"urlTemplate\":\"https:\\\/\\\/uniepool.com\\\/pl\\\/?s={search_term_string}\"},\"query-input\":{\"@type\":\"PropertyValueSpecification\",\"valueRequired\":true,\"valueName\":\"search_term_string\"}}],\"inLanguage\":\"pl-PL\"}]}<\/script>\n<!-- \/ Yoast SEO plugin. -->","yoast_head_json":{"title":"Pracodawca - Unie-Pool","robots":{"index":"index","follow":"follow","max-snippet":"max-snippet:-1","max-image-preview":"max-image-preview:large","max-video-preview":"max-video-preview:-1"},"canonical":"https:\/\/uniepool.com\/pl\/pracodawca\/","og_locale":"pl_PL","og_type":"article","og_title":"Pracodawca - Unie-Pool","og_url":"https:\/\/uniepool.com\/pl\/pracodawca\/","og_site_name":"Unie-Pool","article_publisher":"https:\/\/www.facebook.com\/uniepoolpersoneel\/","article_modified_time":"2023-01-24T12:57:28+00:00","twitter_card":"summary_large_image","twitter_misc":{"Szacowany czas czytania":"9 minut"},"schema":{"@context":"https:\/\/schema.org","@graph":[{"@type":"WebPage","@id":"https:\/\/uniepool.com\/pl\/pracodawca\/","url":"https:\/\/uniepool.com\/pl\/pracodawca\/","name":"Pracodawca - Unie-Pool","isPartOf":{"@id":"https:\/\/uniepool.com\/pl\/#website"},"datePublished":"2022-10-11T14:08:29+00:00","dateModified":"2023-01-24T12:57:28+00:00","breadcrumb":{"@id":"https:\/\/uniepool.com\/pl\/pracodawca\/#breadcrumb"},"inLanguage":"pl-PL","potentialAction":[{"@type":"ReadAction","target":["https:\/\/uniepool.com\/pl\/pracodawca\/"]}]},{"@type":"BreadcrumbList","@id":"https:\/\/uniepool.com\/pl\/pracodawca\/#breadcrumb","itemListElement":[{"@type":"ListItem","position":1,"name":"Home","item":"https:\/\/uniepool.com\/pl\/"},{"@type":"ListItem","position":2,"name":"Pracodawca"}]},{"@type":"WebSite","@id":"https:\/\/uniepool.com\/pl\/#website","url":"https:\/\/uniepool.com\/pl\/","name":"Unie-Pool Personeel","description":"Werving &amp; selectie voor o.a. productiebedrijven en logistieke sectoren","alternateName":"Unie-Pool","potentialAction":[{"@type":"SearchAction","target":{"@type":"EntryPoint","urlTemplate":"https:\/\/uniepool.com\/pl\/?s={search_term_string}"},"query-input":{"@type":"PropertyValueSpecification","valueRequired":true,"valueName":"search_term_string"}}],"inLanguage":"pl-PL"}]}},"_links":{"self":[{"href":"https:\/\/uniepool.com\/pl\/wp-json\/wp\/v2\/pages\/773","targetHints":{"allow":["GET"]}}],"collection":[{"href":"https:\/\/uniepool.com\/pl\/wp-json\/wp\/v2\/pages"}],"about":[{"href":"https:\/\/uniepool.com\/pl\/wp-json\/wp\/v2\/types\/page"}],"author":[{"embeddable":true,"href":"https:\/\/uniepool.com\/pl\/wp-json\/wp\/v2\/users\/1"}],"replies":[{"embeddable":true,"href":"https:\/\/uniepool.com\/pl\/wp-json\/wp\/v2\/comments?post=773"}],"version-history":[{"count":3,"href":"https:\/\/uniepool.com\/pl\/wp-json\/wp\/v2\/pages\/773\/revisions"}],"predecessor-version":[{"id":1262,"href":"https:\/\/uniepool.com\/pl\/wp-json\/wp\/v2\/pages\/773\/revisions\/1262"}],"wp:attachment":[{"href":"https:\/\/uniepool.com\/pl\/wp-json\/wp\/v2\/media?parent=773"}],"curies":[{"name":"wp","href":"https:\/\/api.w.org\/{rel}","templated":true}]}}