{"id":743,"date":"2018-08-22T11:55:00","date_gmt":"2018-08-22T09:55:00","guid":{"rendered":"https:\/\/test.uniepool.com\/home\/"},"modified":"2023-01-24T13:51:46","modified_gmt":"2023-01-24T12:51:46","slug":"home","status":"publish","type":"page","link":"https:\/\/uniepool.com\/pl\/","title":{"rendered":"Home"},"content":{"rendered":"<p><div class=\"fusion-fullwidth fullwidth-box fusion-builder-row-1 fusion-flex-container nonhundred-percent-fullwidth non-hundred-percent-height-scrolling fusion-custom-z-index\" style=\"--awb-border-radius-top-left:0px;--awb-border-radius-top-right:0px;--awb-border-radius-bottom-right:0px;--awb-border-radius-bottom-left:0px;--awb-z-index:0;--awb-padding-top:40px;--awb-padding-bottom:20px;--awb-background-color:var(--awb-custom_color_5);--awb-flex-wrap:wrap;\" ><div class=\"fusion-builder-row fusion-row fusion-flex-align-items-center fusion-flex-justify-content-center fusion-flex-content-wrap\" style=\"max-width:1272px;margin-left: calc(-6% \/ 2 );margin-right: calc(-6% \/ 2 );\"><div class=\"fusion-layout-column fusion_builder_column fusion-builder-column-0 fusion_builder_column_4_5 4_5 fusion-flex-column\" style=\"--awb-bg-size:cover;--awb-width-large:80%;--awb-margin-top-large:0px;--awb-spacing-right-large:3.525%;--awb-margin-bottom-large:20px;--awb-spacing-left-large:3.525%;--awb-width-medium:80%;--awb-order-medium:0;--awb-spacing-right-medium:3.525%;--awb-spacing-left-medium:3.525%;--awb-width-small:100%;--awb-order-small:0;--awb-spacing-right-small:2.82%;--awb-spacing-left-small:2.82%;\"><div class=\"fusion-column-wrapper fusion-column-has-shadow fusion-flex-justify-content-flex-start fusion-content-layout-column\"><div class=\"fusion-title title fusion-title-1 fusion-sep-none fusion-title-center fusion-title-text fusion-title-size-three\" style=\"--awb-margin-top-small:10px;--awb-margin-right-small:0px;--awb-margin-bottom-small:10px;--awb-margin-left-small:0px;\" id=\"diensten\"><h3 class=\"fusion-title-heading title-heading-center fusion-responsive-typography-calculated\" style=\"margin:0;--fontSize:36;line-height:var(--awb-typography1-line-height);\">Agencja pracy tymczasowej Unie-Pool do Twoich us\u0142ug<\/h3><\/div><div class=\"fusion-text fusion-text-1\"><p style=\"text-align: center;\"><strong>Agencja pracy Unie-Pool ma oferty pracy dla pracownik\u00f3w zagranicznych, poniewa\u017c w Holandii dost\u0119pnych jest wi\u0119cej wolnych miejsc pracy ni\u017c rodzimych pracownik\u00f3w. Mog\u0105 si\u0119 z nami kontaktowa\u0107 zar\u00f3wno w\u0142a\u015bciciele firm oferuj\u0105cy miejsca pracy, jak i osoby poszukuj\u0105ce pracy w bran\u017cy produkcyjnej, w logistyce, przy sprz\u0105taniu lub w sektorze technicznym. Naszym pracownikom zapewniamy dobre warunki zakwaterowania, bezpieczny transport, obuwie robocze oraz szkolenie w ojczystym j\u0119zyku pracownika (tj. w j\u0119zyku polskim, \u0142otewskim, rosyjskim lub angielskim). <\/strong><\/p>\n<\/div><\/div><\/div><\/div><\/div><div class=\"fusion-fullwidth fullwidth-box fusion-builder-row-2 fusion-flex-container nonhundred-percent-fullwidth non-hundred-percent-height-scrolling\" style=\"--awb-border-radius-top-left:0px;--awb-border-radius-top-right:0px;--awb-border-radius-bottom-right:0px;--awb-border-radius-bottom-left:0px;--awb-padding-top:40px;--awb-padding-bottom:40px;--awb-background-color:var(--awb-color1);--awb-flex-wrap:wrap;\" ><div class=\"fusion-builder-row fusion-row fusion-flex-align-items-flex-start fusion-flex-justify-content-center fusion-flex-content-wrap\" style=\"max-width:1272px;margin-left: calc(-6% \/ 2 );margin-right: calc(-6% \/ 2 );\"><div class=\"fusion-layout-column fusion_builder_column fusion-builder-column-1 fusion_builder_column_1_4 1_4 fusion-flex-column fusion-flex-align-self-stretch\" style=\"--awb-bg-size:cover;--awb-width-large:25%;--awb-margin-top-large:0px;--awb-spacing-right-large:11.28%;--awb-margin-bottom-large:20px;--awb-spacing-left-large:11.28%;--awb-width-medium:50%;--awb-order-medium:0;--awb-spacing-right-medium:5.64%;--awb-spacing-left-medium:5.64%;--awb-width-small:100%;--awb-order-small:0;--awb-spacing-right-small:2.82%;--awb-spacing-left-small:2.82%;\"><div class=\"fusion-column-wrapper fusion-column-has-shadow fusion-flex-justify-content-space-between fusion-content-layout-column\"><div class=\"fusion-title title fusion-title-2 fusion-sep-none fusion-title-center fusion-title-text fusion-title-size-four\" style=\"--awb-margin-top:40px;--awb-margin-bottom:0px;--awb-margin-top-small:10px;--awb-margin-right-small:0px;--awb-margin-bottom-small:10px;--awb-margin-left-small:0px;\"><h4 class=\"fusion-title-heading title-heading-center fusion-responsive-typography-calculated\" style=\"margin:0;--fontSize:24;--minFontSize:24;line-height:var(--awb-typography1-line-height);\">Szukasz pracy?<\/h4><\/div><div class=\"fusion-text fusion-text-2\"><p style=\"text-align: center;\">Je\u015bli szukasz&#8230; Agencja Unie-Pool Personeel ma oferty pracy w logistyce, produkcji, bran\u017cy in\u017cynieryjnej i przy sprz\u0105taniu. Sprawd\u017a nasz\u0105 stron\u0119 z ofertami pracy i znajd\u017a tak\u0105, kt\u00f3ra Ci odpowiada!<\/p>\n<\/div><div style=\"text-align:center;\"><a class=\"fusion-button button-flat button-large button-default fusion-button-default button-1 fusion-button-default-span fusion-button-default-type\" style=\"--button_text_transform:uppercase;\" target=\"_self\" href=\"\/pl\/vacatures\/\"><i class=\"fa-user-friends fas awb-button__icon awb-button__icon--default button-icon-left\" aria-hidden=\"true\"><\/i><span class=\"fusion-button-text awb-button__text awb-button__text--default\">Przegl\u0105daj oferty pracy<\/span><\/a><\/div><\/div><\/div><div class=\"fusion-layout-column fusion_builder_column fusion-builder-column-2 fusion_builder_column_1_4 1_4 fusion-flex-column fusion-flex-align-self-stretch\" style=\"--awb-bg-size:cover;--awb-width-large:25%;--awb-margin-top-large:0px;--awb-spacing-right-large:11.28%;--awb-margin-bottom-large:20px;--awb-spacing-left-large:11.28%;--awb-width-medium:50%;--awb-order-medium:0;--awb-spacing-right-medium:5.64%;--awb-spacing-left-medium:5.64%;--awb-width-small:100%;--awb-order-small:0;--awb-spacing-right-small:2.82%;--awb-spacing-left-small:2.82%;\"><div class=\"fusion-column-wrapper fusion-column-has-shadow fusion-flex-justify-content-space-between fusion-content-layout-column\"><div class=\"fusion-title title fusion-title-3 fusion-sep-none fusion-title-center fusion-title-text fusion-title-size-four\" style=\"--awb-margin-top:40px;--awb-margin-bottom:0px;--awb-margin-top-small:10px;--awb-margin-right-small:0px;--awb-margin-bottom-small:10px;--awb-margin-left-small:0px;\"><h4 class=\"fusion-title-heading title-heading-center fusion-responsive-typography-calculated\" style=\"margin:0;--fontSize:24;--minFontSize:24;line-height:var(--awb-typography1-line-height);\">Szukasz pracownik\u00f3w?<\/h4><\/div><div class=\"fusion-text fusion-text-3\"><p style=\"text-align: center;\">Potrzebujesz pracownik\u00f3w tymczasowych lub na d\u0142u\u017cszy okres? Unie-Pool ma odpowiednie osoby z do\u015bwiadczeniem w produkcji, logistyce, przy sprz\u0105taniu i w bran\u017cy technologicznej. Zajmijmy si\u0119 tym dla Ciebie!<\/p>\n<\/div><div style=\"text-align:center;\"><a class=\"fusion-button button-flat button-large button-default fusion-button-default button-2 fusion-button-default-span fusion-button-default-type\" style=\"--button_text_transform:uppercase;\" target=\"_self\" href=\"https:\/\/uniepool.com\/pl\/pracodawca\/\"><i class=\"fa-user-check fas awb-button__icon awb-button__icon--default button-icon-left\" aria-hidden=\"true\"><\/i><span class=\"fusion-button-text awb-button__text awb-button__text--default\">Zarejestruj oferty pracy<\/span><\/a><\/div><\/div><\/div><div class=\"fusion-layout-column fusion_builder_column fusion-builder-column-3 fusion_builder_column_1_4 1_4 fusion-flex-column fusion-flex-align-self-stretch\" style=\"--awb-bg-size:cover;--awb-width-large:25%;--awb-margin-top-large:0px;--awb-spacing-right-large:11.28%;--awb-margin-bottom-large:20px;--awb-spacing-left-large:11.28%;--awb-width-medium:50%;--awb-order-medium:0;--awb-spacing-right-medium:5.64%;--awb-spacing-left-medium:5.64%;--awb-width-small:100%;--awb-order-small:0;--awb-spacing-right-small:2.82%;--awb-spacing-left-small:2.82%;\"><div class=\"fusion-column-wrapper fusion-column-has-shadow fusion-flex-justify-content-space-between fusion-content-layout-column\"><div class=\"fusion-title title fusion-title-4 fusion-sep-none fusion-title-center fusion-title-text fusion-title-size-four\" style=\"--awb-margin-top:40px;--awb-margin-bottom:0px;--awb-margin-top-small:10px;--awb-margin-right-small:0px;--awb-margin-bottom-small:10px;--awb-margin-left-small:0px;\"><h4 class=\"fusion-title-heading title-heading-center fusion-responsive-typography-calculated\" style=\"margin:0;--fontSize:24;--minFontSize:24;line-height:var(--awb-typography1-line-height);\">Nasza polityka CSR<\/h4><\/div><div class=\"fusion-text fusion-text-4\"><p style=\"text-align: center;\">Union Pool Personnel B.V. uwa\u017ca, \u017ce \u200b\u200bw jej organizacji nie mo\u017ce zabrakn\u0105\u0107 polityki CSR. Kluczow\u0105 rol\u0119 odgrywaj\u0105 w tym ludzie, zar\u00f3wno wewn\u0105trz organizacji, jak i poza ni\u0105.<\/p>\n<\/div><div style=\"text-align:center;\"><a class=\"fusion-button button-flat button-large button-default fusion-button-default button-3 fusion-button-default-span fusion-button-default-type\" style=\"--button_text_transform:uppercase;\" target=\"_self\" href=\"https:\/\/uniepool.com\/pl\/sob\/\"><i class=\"fa-user-shield fas awb-button__icon awb-button__icon--default button-icon-left\" aria-hidden=\"true\"><\/i><span class=\"fusion-button-text awb-button__text awb-button__text--default\">SOB w Unie-Pool<\/span><\/a><\/div><\/div><\/div><div class=\"fusion-layout-column fusion_builder_column fusion-builder-column-4 fusion_builder_column_1_4 1_4 fusion-flex-column fusion-flex-align-self-stretch\" style=\"--awb-bg-size:cover;--awb-width-large:25%;--awb-margin-top-large:0px;--awb-spacing-right-large:11.28%;--awb-margin-bottom-large:20px;--awb-spacing-left-large:11.28%;--awb-width-medium:50%;--awb-order-medium:0;--awb-spacing-right-medium:5.64%;--awb-spacing-left-medium:5.64%;--awb-width-small:100%;--awb-order-small:0;--awb-spacing-right-small:2.82%;--awb-spacing-left-small:2.82%;\"><div class=\"fusion-column-wrapper fusion-column-has-shadow fusion-flex-justify-content-space-between fusion-content-layout-column\"><div class=\"fusion-title title fusion-title-5 fusion-sep-none fusion-title-center fusion-title-text fusion-title-size-four\" style=\"--awb-margin-top:40px;--awb-margin-bottom:0px;--awb-margin-top-small:10px;--awb-margin-right-small:0px;--awb-margin-bottom-small:10px;--awb-margin-left-small:0px;\"><h4 class=\"fusion-title-heading title-heading-center fusion-responsive-typography-calculated\" style=\"margin:0;--fontSize:24;--minFontSize:24;line-height:var(--awb-typography1-line-height);\">Antydyskryminacja<\/h4><\/div><div class=\"fusion-text fusion-text-5\"><p style=\"text-align: center;\">Ka\u017cdy w Unie-Pool ma r\u00f3wne szanse na dobr\u0105 prac\u0119, bez wzgl\u0119du na wiek, p\u0142e\u0107, stan cywilny, orientacj\u0119 seksualn\u0105, styl \u017cycia, przekonania polityczne lub religijne, ras\u0119, pochodzenie etniczne czy narodowo\u015b\u0107.<\/p>\n<\/div><div style=\"text-align:center;\"><a class=\"fusion-button button-flat button-large button-default fusion-button-default button-4 fusion-button-default-span fusion-button-default-type\" style=\"--button_text_transform:uppercase;\" target=\"_self\" href=\"https:\/\/uniepool.com\/pl\/o-unie-pool\/\"><i class=\"fa-user-shield fas awb-button__icon awb-button__icon--default button-icon-left\" aria-hidden=\"true\"><\/i><span class=\"fusion-button-text awb-button__text awb-button__text--default\">Wi\u0119cej informacji<\/span><\/a><\/div><\/div><\/div><\/div><\/div><\/p>\n","protected":false},"excerpt":{"rendered":"","protected":false},"author":1,"featured_media":0,"parent":0,"menu_order":1,"comment_status":"closed","ping_status":"closed","template":"100-width.php","meta":{"_acf_changed":false,"footnotes":""},"class_list":["post-743","page","type-page","status-publish","hentry"],"acf":[],"yoast_head":"<!-- This site is optimized with the Yoast SEO plugin v27.3 - https:\/\/yoast.com\/product\/yoast-seo-wordpress\/ -->\n<title>Home - Unie-Pool<\/title>\n<meta name=\"robots\" content=\"index, follow, max-snippet:-1, max-image-preview:large, max-video-preview:-1\" \/>\n<link rel=\"canonical\" href=\"https:\/\/uniepool.com\/pl\/\" \/>\n<meta property=\"og:locale\" content=\"pl_PL\" \/>\n<meta property=\"og:type\" content=\"article\" \/>\n<meta property=\"og:title\" content=\"Home - Unie-Pool\" \/>\n<meta property=\"og:url\" content=\"https:\/\/uniepool.com\/pl\/\" \/>\n<meta property=\"og:site_name\" content=\"Unie-Pool\" \/>\n<meta property=\"article:publisher\" content=\"https:\/\/www.facebook.com\/uniepoolpersoneel\/\" \/>\n<meta property=\"article:modified_time\" content=\"2023-01-24T12:51:46+00:00\" \/>\n<meta name=\"twitter:card\" content=\"summary_large_image\" \/>\n<meta name=\"twitter:label1\" content=\"Szacowany czas czytania\" \/>\n\t<meta name=\"twitter:data1\" content=\"9 minut\" \/>\n<script type=\"application\/ld+json\" class=\"yoast-schema-graph\">{\"@context\":\"https:\\\/\\\/schema.org\",\"@graph\":[{\"@type\":\"WebPage\",\"@id\":\"https:\\\/\\\/uniepool.com\\\/pl\\\/\",\"url\":\"https:\\\/\\\/uniepool.com\\\/pl\\\/\",\"name\":\"Home - Unie-Pool\",\"isPartOf\":{\"@id\":\"https:\\\/\\\/uniepool.com\\\/pl\\\/#website\"},\"datePublished\":\"2018-08-22T09:55:00+00:00\",\"dateModified\":\"2023-01-24T12:51:46+00:00\",\"breadcrumb\":{\"@id\":\"https:\\\/\\\/uniepool.com\\\/pl\\\/#breadcrumb\"},\"inLanguage\":\"pl-PL\",\"potentialAction\":[{\"@type\":\"ReadAction\",\"target\":[\"https:\\\/\\\/uniepool.com\\\/pl\\\/\"]}]},{\"@type\":\"BreadcrumbList\",\"@id\":\"https:\\\/\\\/uniepool.com\\\/pl\\\/#breadcrumb\",\"itemListElement\":[{\"@type\":\"ListItem\",\"position\":1,\"name\":\"Home\",\"item\":\"https:\\\/\\\/uniepool.com\\\/pl\\\/\"},{\"@type\":\"ListItem\",\"position\":2,\"name\":\"Home\"}]},{\"@type\":\"WebSite\",\"@id\":\"https:\\\/\\\/uniepool.com\\\/pl\\\/#website\",\"url\":\"https:\\\/\\\/uniepool.com\\\/pl\\\/\",\"name\":\"Unie-Pool Personeel\",\"description\":\"Werving &amp; selectie voor o.a. productiebedrijven en logistieke sectoren\",\"alternateName\":\"Unie-Pool\",\"potentialAction\":[{\"@type\":\"SearchAction\",\"target\":{\"@type\":\"EntryPoint\",\"urlTemplate\":\"https:\\\/\\\/uniepool.com\\\/pl\\\/?s={search_term_string}\"},\"query-input\":{\"@type\":\"PropertyValueSpecification\",\"valueRequired\":true,\"valueName\":\"search_term_string\"}}],\"inLanguage\":\"pl-PL\"}]}<\/script>\n<!-- \/ Yoast SEO plugin. -->","yoast_head_json":{"title":"Home - Unie-Pool","robots":{"index":"index","follow":"follow","max-snippet":"max-snippet:-1","max-image-preview":"max-image-preview:large","max-video-preview":"max-video-preview:-1"},"canonical":"https:\/\/uniepool.com\/pl\/","og_locale":"pl_PL","og_type":"article","og_title":"Home - Unie-Pool","og_url":"https:\/\/uniepool.com\/pl\/","og_site_name":"Unie-Pool","article_publisher":"https:\/\/www.facebook.com\/uniepoolpersoneel\/","article_modified_time":"2023-01-24T12:51:46+00:00","twitter_card":"summary_large_image","twitter_misc":{"Szacowany czas czytania":"9 minut"},"schema":{"@context":"https:\/\/schema.org","@graph":[{"@type":"WebPage","@id":"https:\/\/uniepool.com\/pl\/","url":"https:\/\/uniepool.com\/pl\/","name":"Home - Unie-Pool","isPartOf":{"@id":"https:\/\/uniepool.com\/pl\/#website"},"datePublished":"2018-08-22T09:55:00+00:00","dateModified":"2023-01-24T12:51:46+00:00","breadcrumb":{"@id":"https:\/\/uniepool.com\/pl\/#breadcrumb"},"inLanguage":"pl-PL","potentialAction":[{"@type":"ReadAction","target":["https:\/\/uniepool.com\/pl\/"]}]},{"@type":"BreadcrumbList","@id":"https:\/\/uniepool.com\/pl\/#breadcrumb","itemListElement":[{"@type":"ListItem","position":1,"name":"Home","item":"https:\/\/uniepool.com\/pl\/"},{"@type":"ListItem","position":2,"name":"Home"}]},{"@type":"WebSite","@id":"https:\/\/uniepool.com\/pl\/#website","url":"https:\/\/uniepool.com\/pl\/","name":"Unie-Pool Personeel","description":"Werving &amp; selectie voor o.a. productiebedrijven en logistieke sectoren","alternateName":"Unie-Pool","potentialAction":[{"@type":"SearchAction","target":{"@type":"EntryPoint","urlTemplate":"https:\/\/uniepool.com\/pl\/?s={search_term_string}"},"query-input":{"@type":"PropertyValueSpecification","valueRequired":true,"valueName":"search_term_string"}}],"inLanguage":"pl-PL"}]}},"_links":{"self":[{"href":"https:\/\/uniepool.com\/pl\/wp-json\/wp\/v2\/pages\/743","targetHints":{"allow":["GET"]}}],"collection":[{"href":"https:\/\/uniepool.com\/pl\/wp-json\/wp\/v2\/pages"}],"about":[{"href":"https:\/\/uniepool.com\/pl\/wp-json\/wp\/v2\/types\/page"}],"author":[{"embeddable":true,"href":"https:\/\/uniepool.com\/pl\/wp-json\/wp\/v2\/users\/1"}],"replies":[{"embeddable":true,"href":"https:\/\/uniepool.com\/pl\/wp-json\/wp\/v2\/comments?post=743"}],"version-history":[{"count":14,"href":"https:\/\/uniepool.com\/pl\/wp-json\/wp\/v2\/pages\/743\/revisions"}],"predecessor-version":[{"id":1254,"href":"https:\/\/uniepool.com\/pl\/wp-json\/wp\/v2\/pages\/743\/revisions\/1254"}],"wp:attachment":[{"href":"https:\/\/uniepool.com\/pl\/wp-json\/wp\/v2\/media?parent=743"}],"curies":[{"name":"wp","href":"https:\/\/api.w.org\/{rel}","templated":true}]}}