{"id":791,"date":"2022-10-11T16:10:21","date_gmt":"2022-10-11T14:10:21","guid":{"rendered":"https:\/\/test.uniepool.com\/ksa\/"},"modified":"2023-01-24T14:03:24","modified_gmt":"2023-01-24T13:03:24","slug":"ksa","status":"publish","type":"page","link":"https:\/\/uniepool.com\/lv\/ksa\/","title":{"rendered":"KSA"},"content":{"rendered":"<p><div class=\"fusion-fullwidth fullwidth-box fusion-builder-row-1 fusion-flex-container fusion-parallax-none nonhundred-percent-fullwidth non-hundred-percent-height-scrolling fusion-custom-z-index\" style=\"--link_hover_color: var(--awb-color4);--awb-background-position:right center;--awb-background-blend-mode:multiply;--awb-border-radius-top-left:0px;--awb-border-radius-top-right:0px;--awb-border-radius-bottom-right:0px;--awb-border-radius-bottom-left:0px;--awb-z-index:0;--awb-padding-top:40px;--awb-padding-bottom:40px;--awb-min-height:22.5vw;--awb-background-color:var(--awb-custom_color_4);--awb-background-image:url(&quot;https:\/\/uniepool.com\/wp-content\/uploads\/2022\/12\/mvo-unie-pool-01.jpg&quot;);--awb-background-size:cover;--awb-flex-wrap:wrap;\" ><div class=\"fusion-builder-row fusion-row fusion-flex-align-items-flex-start fusion-flex-content-wrap\" style=\"max-width:1272px;margin-left: calc(-6% \/ 2 );margin-right: calc(-6% \/ 2 );\"><div class=\"fusion-layout-column fusion_builder_column fusion-builder-column-0 fusion_builder_column_1_1 1_1 fusion-flex-column\" style=\"--awb-bg-size:cover;--awb-width-large:100%;--awb-margin-top-large:0px;--awb-spacing-right-large:2.82%;--awb-margin-bottom-large:20px;--awb-spacing-left-large:2.82%;--awb-width-medium:100%;--awb-order-medium:0;--awb-spacing-right-medium:2.82%;--awb-spacing-left-medium:2.82%;--awb-width-small:100%;--awb-order-small:0;--awb-spacing-right-small:2.82%;--awb-spacing-left-small:2.82%;\"><div class=\"fusion-column-wrapper fusion-column-has-shadow fusion-flex-justify-content-flex-start fusion-content-layout-column\"><div class=\"fusion-title title fusion-title-1 fusion-sep-none fusion-title-text fusion-title-size-one\" style=\"--awb-text-color:var(--awb-color1);--awb-margin-top-small:10px;--awb-margin-right-small:0px;--awb-margin-bottom-small:10px;--awb-margin-left-small:0px;\"><h1 class=\"fusion-title-heading title-heading-left fusion-responsive-typography-calculated\" style=\"margin:0;--fontSize:64;line-height:var(--awb-typography1-line-height);\">KSA<\/h1><\/div><\/div><\/div><div class=\"fusion-layout-column fusion_builder_column fusion-builder-column-1 fusion_builder_column_1_2 1_2 fusion-flex-column\" style=\"--awb-bg-size:cover;--awb-width-large:50%;--awb-margin-top-large:0px;--awb-spacing-right-large:5.64%;--awb-margin-bottom-large:20px;--awb-spacing-left-large:5.64%;--awb-width-medium:50%;--awb-order-medium:0;--awb-spacing-right-medium:5.64%;--awb-spacing-left-medium:5.64%;--awb-width-small:100%;--awb-order-small:0;--awb-spacing-right-small:2.82%;--awb-spacing-left-small:2.82%;\"><div class=\"fusion-column-wrapper fusion-column-has-shadow fusion-flex-justify-content-flex-start fusion-content-layout-column\"><div class=\"fusion-text fusion-text-1\" style=\"--awb-text-color:var(--awb-color1);\"><p><strong>Unie-Pool Personeel B.V. uzskata, ka Korporat\u012bv\u0101 soci\u0101l\u0101 atbild\u012bba (KSA) politika ir vit\u0101li svar\u012bga t\u0101s organiz\u0101cijai. Galven\u0101 uzman\u012bba tiek piev\u0113rsta cilv\u0113kiem gan organiz\u0101cij\u0101, gan \u0101rpus t\u0101s. <\/strong><\/p>\n<\/div><div ><a class=\"fusion-button button-flat button-large button-default fusion-button-default button-1 fusion-button-default-span fusion-button-default-type\" target=\"_self\" href=\"#mvo-unie-pool\"><span class=\"fusion-button-text awb-button__text awb-button__text--default\">KSA uz\u0146\u0113mum\u0101 Unie-Pool<\/span><\/a><\/div><\/div><\/div><div class=\"fusion-layout-column fusion_builder_column fusion-builder-column-2 fusion_builder_column_1_2 1_2 fusion-flex-column\" style=\"--awb-bg-size:cover;--awb-width-large:50%;--awb-margin-top-large:0px;--awb-spacing-right-large:5.64%;--awb-margin-bottom-large:20px;--awb-spacing-left-large:5.64%;--awb-width-medium:50%;--awb-order-medium:0;--awb-spacing-right-medium:5.64%;--awb-spacing-left-medium:5.64%;--awb-width-small:100%;--awb-order-small:0;--awb-spacing-right-small:2.82%;--awb-spacing-left-small:2.82%;\"><div class=\"fusion-column-wrapper fusion-column-has-shadow fusion-flex-justify-content-flex-start fusion-content-layout-column\"><\/div><\/div><\/div><\/div><div class=\"fusion-fullwidth fullwidth-box fusion-builder-row-2 fusion-flex-container nonhundred-percent-fullwidth non-hundred-percent-height-scrolling\" style=\"--awb-border-radius-top-left:0px;--awb-border-radius-top-right:0px;--awb-border-radius-bottom-right:0px;--awb-border-radius-bottom-left:0px;--awb-flex-wrap:wrap;\" ><div class=\"fusion-builder-row fusion-row fusion-flex-align-items-flex-start fusion-flex-content-wrap\" style=\"max-width:1272px;margin-left: calc(-6% \/ 2 );margin-right: calc(-6% \/ 2 );\"><div class=\"fusion-layout-column fusion_builder_column fusion-builder-column-3 fusion_builder_column_1_1 1_1 fusion-flex-column\" style=\"--awb-bg-size:cover;--awb-width-large:100%;--awb-margin-top-large:0px;--awb-spacing-right-large:2.82%;--awb-margin-bottom-large:20px;--awb-spacing-left-large:2.82%;--awb-width-medium:100%;--awb-order-medium:0;--awb-spacing-right-medium:2.82%;--awb-spacing-left-medium:2.82%;--awb-width-small:100%;--awb-order-small:0;--awb-spacing-right-small:2.82%;--awb-spacing-left-small:2.82%;\"><div class=\"fusion-column-wrapper fusion-column-has-shadow fusion-flex-justify-content-flex-start fusion-content-layout-column\"><div class=\"fusion-title title fusion-title-2 fusion-sep-none fusion-title-text fusion-title-size-two\" style=\"--awb-margin-top-small:10px;--awb-margin-right-small:0px;--awb-margin-bottom-small:10px;--awb-margin-left-small:0px;\"><h2 class=\"fusion-title-heading title-heading-left fusion-responsive-typography-calculated\" style=\"margin:0;--fontSize:48;line-height:var(--awb-typography1-line-height);\">Korporat\u012bv\u0101 soci\u0101l\u0101 atbild\u012bba<\/h2><\/div><\/div><\/div><div class=\"fusion-layout-column fusion_builder_column fusion-builder-column-4 fusion_builder_column_3_4 3_4 fusion-flex-column\" style=\"--awb-bg-size:cover;--awb-width-large:75%;--awb-margin-top-large:0px;--awb-spacing-right-large:3.76%;--awb-margin-bottom-large:20px;--awb-spacing-left-large:3.76%;--awb-width-medium:75%;--awb-order-medium:0;--awb-spacing-right-medium:3.76%;--awb-spacing-left-medium:3.76%;--awb-width-small:100%;--awb-order-small:0;--awb-spacing-right-small:2.82%;--awb-spacing-left-small:2.82%;\"><div class=\"fusion-column-wrapper fusion-column-has-shadow fusion-flex-justify-content-flex-start fusion-content-layout-column\"><div class=\"fusion-text fusion-text-2\"><p>Darba iesp\u0113ju izveido\u0161ana, pied\u0101v\u0101jot sertific\u0113tas dz\u012bvojam\u0101s vietas un labu transportu. Sporta klubu atbalst\u012b\u0161ana un labu darba apst\u0101k\u013cu nodro\u0161in\u0101\u0161ana. KSA politikas s\u0101kumpunkts ir t\u0101ds, ka tai ne tikai ir j\u0101b\u016bt pozit\u012bvai ietekmei uz sabiedr\u012bbu un vidi un j\u0101uz\u0146emas atbild\u012bba par to, bet ar\u012b tai ir j\u0101n\u0101k par labu pa\u0161am uz\u0146\u0113mumam.<\/p>\n<p>\u0160eit ir da\u017ei konkr\u0113ti piem\u0113ri m\u016bsu organiz\u0101cij\u0101:<\/p>\n<\/div><ul style=\"--awb-line-height:27.2px;--awb-icon-width:27.2px;--awb-icon-height:27.2px;--awb-icon-margin:11.2px;--awb-content-margin:38.4px;--awb-circlecolor:var(--awb-custom_color_3);--awb-circle-yes-font-size:14.08px;\" class=\"fusion-checklist fusion-checklist-1 fusion-checklist-default type-icons\"><li class=\"fusion-li-item\" style=\"\"><span class=\"icon-wrapper circle-yes\"><i class=\"fusion-li-icon fa-check fas\" aria-hidden=\"true\"><\/i><\/span><div class=\"fusion-li-item-content\">\n<p>Ilgtsp\u0113j\u012bgi ener\u0123ijas risin\u0101jumi: saules pane\u013ci, uzl\u0101des stacijas, hibr\u012bdbrauk\u0161ana<\/p>\n<\/div><\/li><li class=\"fusion-li-item\" style=\"\"><span class=\"icon-wrapper circle-yes\"><i class=\"fusion-li-icon fa-check fas\" aria-hidden=\"true\"><\/i><\/span><div class=\"fusion-li-item-content\">\n<p>Ener\u0123ijas taup\u012b\u0161anas pas\u0101kumi: m\u016bsu m\u0101jas ir apr\u012bkotas ar centr\u0101l\u0101s apkures sist\u0113mas vad\u012bbu<\/p>\n<\/div><\/li><li class=\"fusion-li-item\" style=\"\"><span class=\"icon-wrapper circle-yes\"><i class=\"fusion-li-icon fa-check fas\" aria-hidden=\"true\"><\/i><\/span><div class=\"fusion-li-item-content\">\n<p>Atkritumu samazin\u0101\u0161ana un p\u0101rstr\u0101de: atkritumi tiek \u0161\u0137iroti<\/p>\n<\/div><\/li><li class=\"fusion-li-item\" style=\"\"><span class=\"icon-wrapper circle-yes\"><i class=\"fusion-li-icon fa-check fas\" aria-hidden=\"true\"><\/i><\/span><div class=\"fusion-li-item-content\">\n<p>Vesel\u012bba \u2014 sabiedr\u012bba \u2014 vide: Unie-Pool sponsor\u0113 da\u017e\u0101dus futbola klubus, lai tie var\u0113tu turpin\u0101t atbalst\u012bt savus biedrus\/veicin\u0101t sporta iesp\u0113jas<\/p>\n<\/div><\/li><li class=\"fusion-li-item\" style=\"\"><span class=\"icon-wrapper circle-yes\"><i class=\"fusion-li-icon fa-check fas\" aria-hidden=\"true\"><\/i><\/span><div class=\"fusion-li-item-content\">\n<p>Transports ir ilgtsp\u0113j\u012bgs: p\u0101rvieto\u0161an\u0101s, darbinieki kop\u0101 brauc ar autobusiem uz darba vietu<\/p>\n<\/div><\/li><li class=\"fusion-li-item\" style=\"\"><span class=\"icon-wrapper circle-yes\"><i class=\"fusion-li-icon fa-check fas\" aria-hidden=\"true\"><\/i><\/span><div class=\"fusion-li-item-content\">\n<p>Darbinieku iek\u0161\u0113j\u0101 politika vesel\u012bbas veicin\u0101\u0161anai: visas darba vietas ir ergonomiski veidotas<\/p>\n<\/div><\/li><\/ul><\/div><\/div><\/div><\/div><\/p>\n","protected":false},"excerpt":{"rendered":"","protected":false},"author":1,"featured_media":0,"parent":0,"menu_order":20,"comment_status":"closed","ping_status":"closed","template":"100-width.php","meta":{"_acf_changed":false,"footnotes":""},"class_list":["post-791","page","type-page","status-publish","hentry"],"acf":[],"yoast_head":"<!-- This site is optimized with the Yoast SEO plugin v27.3 - https:\/\/yoast.com\/product\/yoast-seo-wordpress\/ -->\n<title>KSA - Unie-Pool<\/title>\n<meta name=\"robots\" content=\"index, follow, max-snippet:-1, max-image-preview:large, max-video-preview:-1\" \/>\n<link rel=\"canonical\" href=\"https:\/\/uniepool.com\/lv\/ksa\/\" \/>\n<meta property=\"og:locale\" content=\"lv_LV\" \/>\n<meta property=\"og:type\" content=\"article\" \/>\n<meta property=\"og:title\" content=\"KSA - Unie-Pool\" \/>\n<meta property=\"og:url\" content=\"https:\/\/uniepool.com\/lv\/ksa\/\" \/>\n<meta property=\"og:site_name\" content=\"Unie-Pool\" \/>\n<meta property=\"article:publisher\" content=\"https:\/\/www.facebook.com\/uniepoolpersoneel\/\" \/>\n<meta property=\"article:modified_time\" content=\"2023-01-24T13:03:24+00:00\" \/>\n<meta name=\"twitter:card\" content=\"summary_large_image\" \/>\n<meta name=\"twitter:label1\" content=\"Est. reading time\" \/>\n\t<meta name=\"twitter:data1\" content=\"6 minutes\" \/>\n<script type=\"application\/ld+json\" class=\"yoast-schema-graph\">{\"@context\":\"https:\\\/\\\/schema.org\",\"@graph\":[{\"@type\":\"WebPage\",\"@id\":\"https:\\\/\\\/uniepool.com\\\/lv\\\/ksa\\\/\",\"url\":\"https:\\\/\\\/uniepool.com\\\/lv\\\/ksa\\\/\",\"name\":\"KSA - Unie-Pool\",\"isPartOf\":{\"@id\":\"https:\\\/\\\/uniepool.com\\\/lv\\\/#website\"},\"datePublished\":\"2022-10-11T14:10:21+00:00\",\"dateModified\":\"2023-01-24T13:03:24+00:00\",\"breadcrumb\":{\"@id\":\"https:\\\/\\\/uniepool.com\\\/lv\\\/ksa\\\/#breadcrumb\"},\"inLanguage\":\"lv-LV\",\"potentialAction\":[{\"@type\":\"ReadAction\",\"target\":[\"https:\\\/\\\/uniepool.com\\\/lv\\\/ksa\\\/\"]}]},{\"@type\":\"BreadcrumbList\",\"@id\":\"https:\\\/\\\/uniepool.com\\\/lv\\\/ksa\\\/#breadcrumb\",\"itemListElement\":[{\"@type\":\"ListItem\",\"position\":1,\"name\":\"Home\",\"item\":\"https:\\\/\\\/uniepool.com\\\/lv\\\/\"},{\"@type\":\"ListItem\",\"position\":2,\"name\":\"KSA\"}]},{\"@type\":\"WebSite\",\"@id\":\"https:\\\/\\\/uniepool.com\\\/lv\\\/#website\",\"url\":\"https:\\\/\\\/uniepool.com\\\/lv\\\/\",\"name\":\"Unie-Pool Personeel\",\"description\":\"Werving &amp; selectie voor o.a. productiebedrijven en logistieke sectoren\",\"alternateName\":\"Unie-Pool\",\"potentialAction\":[{\"@type\":\"SearchAction\",\"target\":{\"@type\":\"EntryPoint\",\"urlTemplate\":\"https:\\\/\\\/uniepool.com\\\/lv\\\/?s={search_term_string}\"},\"query-input\":{\"@type\":\"PropertyValueSpecification\",\"valueRequired\":true,\"valueName\":\"search_term_string\"}}],\"inLanguage\":\"lv-LV\"}]}<\/script>\n<!-- \/ Yoast SEO plugin. -->","yoast_head_json":{"title":"KSA - Unie-Pool","robots":{"index":"index","follow":"follow","max-snippet":"max-snippet:-1","max-image-preview":"max-image-preview:large","max-video-preview":"max-video-preview:-1"},"canonical":"https:\/\/uniepool.com\/lv\/ksa\/","og_locale":"lv_LV","og_type":"article","og_title":"KSA - Unie-Pool","og_url":"https:\/\/uniepool.com\/lv\/ksa\/","og_site_name":"Unie-Pool","article_publisher":"https:\/\/www.facebook.com\/uniepoolpersoneel\/","article_modified_time":"2023-01-24T13:03:24+00:00","twitter_card":"summary_large_image","twitter_misc":{"Est. reading time":"6 minutes"},"schema":{"@context":"https:\/\/schema.org","@graph":[{"@type":"WebPage","@id":"https:\/\/uniepool.com\/lv\/ksa\/","url":"https:\/\/uniepool.com\/lv\/ksa\/","name":"KSA - Unie-Pool","isPartOf":{"@id":"https:\/\/uniepool.com\/lv\/#website"},"datePublished":"2022-10-11T14:10:21+00:00","dateModified":"2023-01-24T13:03:24+00:00","breadcrumb":{"@id":"https:\/\/uniepool.com\/lv\/ksa\/#breadcrumb"},"inLanguage":"lv-LV","potentialAction":[{"@type":"ReadAction","target":["https:\/\/uniepool.com\/lv\/ksa\/"]}]},{"@type":"BreadcrumbList","@id":"https:\/\/uniepool.com\/lv\/ksa\/#breadcrumb","itemListElement":[{"@type":"ListItem","position":1,"name":"Home","item":"https:\/\/uniepool.com\/lv\/"},{"@type":"ListItem","position":2,"name":"KSA"}]},{"@type":"WebSite","@id":"https:\/\/uniepool.com\/lv\/#website","url":"https:\/\/uniepool.com\/lv\/","name":"Unie-Pool Personeel","description":"Werving &amp; selectie voor o.a. productiebedrijven en logistieke sectoren","alternateName":"Unie-Pool","potentialAction":[{"@type":"SearchAction","target":{"@type":"EntryPoint","urlTemplate":"https:\/\/uniepool.com\/lv\/?s={search_term_string}"},"query-input":{"@type":"PropertyValueSpecification","valueRequired":true,"valueName":"search_term_string"}}],"inLanguage":"lv-LV"}]}},"_links":{"self":[{"href":"https:\/\/uniepool.com\/lv\/wp-json\/wp\/v2\/pages\/791","targetHints":{"allow":["GET"]}}],"collection":[{"href":"https:\/\/uniepool.com\/lv\/wp-json\/wp\/v2\/pages"}],"about":[{"href":"https:\/\/uniepool.com\/lv\/wp-json\/wp\/v2\/types\/page"}],"author":[{"embeddable":true,"href":"https:\/\/uniepool.com\/lv\/wp-json\/wp\/v2\/users\/1"}],"replies":[{"embeddable":true,"href":"https:\/\/uniepool.com\/lv\/wp-json\/wp\/v2\/comments?post=791"}],"version-history":[{"count":3,"href":"https:\/\/uniepool.com\/lv\/wp-json\/wp\/v2\/pages\/791\/revisions"}],"predecessor-version":[{"id":1269,"href":"https:\/\/uniepool.com\/lv\/wp-json\/wp\/v2\/pages\/791\/revisions\/1269"}],"wp:attachment":[{"href":"https:\/\/uniepool.com\/lv\/wp-json\/wp\/v2\/media?parent=791"}],"curies":[{"name":"wp","href":"https:\/\/api.w.org\/{rel}","templated":true}]}}