{"id":770,"date":"2022-10-11T16:08:29","date_gmt":"2022-10-11T14:08:29","guid":{"rendered":"https:\/\/test.uniepool.com\/darba-devejs\/"},"modified":"2023-01-24T13:57:03","modified_gmt":"2023-01-24T12:57:03","slug":"darba-devejs","status":"publish","type":"page","link":"https:\/\/uniepool.com\/lv\/darba-devejs\/","title":{"rendered":"Darba dev\u0113js"},"content":{"rendered":"<p><div class=\"fusion-fullwidth fullwidth-box fusion-builder-row-1 fusion-flex-container fusion-parallax-none nonhundred-percent-fullwidth non-hundred-percent-height-scrolling fusion-custom-z-index\" style=\"--link_hover_color: var(--awb-color4);--awb-background-position:right center;--awb-background-blend-mode:multiply;--awb-border-radius-top-left:0px;--awb-border-radius-top-right:0px;--awb-border-radius-bottom-right:0px;--awb-border-radius-bottom-left:0px;--awb-z-index:0;--awb-padding-top:40px;--awb-padding-bottom:40px;--awb-min-height:22.5vw;--awb-background-color:var(--awb-custom_color_4);--awb-background-image:url(&quot;https:\/\/uniepool.com\/wp-content\/uploads\/2022\/11\/unie-pool-werkgevers-01.jpg&quot;);--awb-background-size:cover;--awb-flex-wrap:wrap;\" ><div class=\"fusion-builder-row fusion-row fusion-flex-align-items-flex-start fusion-flex-content-wrap\" style=\"max-width:1272px;margin-left: calc(-6% \/ 2 );margin-right: calc(-6% \/ 2 );\"><div class=\"fusion-layout-column fusion_builder_column fusion-builder-column-0 fusion_builder_column_1_1 1_1 fusion-flex-column\" style=\"--awb-bg-size:cover;--awb-width-large:100%;--awb-margin-top-large:0px;--awb-spacing-right-large:2.82%;--awb-margin-bottom-large:20px;--awb-spacing-left-large:2.82%;--awb-width-medium:100%;--awb-order-medium:0;--awb-spacing-right-medium:2.82%;--awb-spacing-left-medium:2.82%;--awb-width-small:100%;--awb-order-small:0;--awb-spacing-right-small:2.82%;--awb-spacing-left-small:2.82%;\"><div class=\"fusion-column-wrapper fusion-column-has-shadow fusion-flex-justify-content-flex-start fusion-content-layout-column\"><div class=\"fusion-title title fusion-title-1 fusion-sep-none fusion-title-text fusion-title-size-one\" style=\"--awb-text-color:var(--awb-color1);--awb-margin-top-small:10px;--awb-margin-right-small:0px;--awb-margin-bottom-small:10px;--awb-margin-left-small:0px;\"><h1 class=\"fusion-title-heading title-heading-left fusion-responsive-typography-calculated\" style=\"margin:0;--fontSize:64;line-height:var(--awb-typography1-line-height);\">Darba dev\u0113js<\/h1><\/div><\/div><\/div><div class=\"fusion-layout-column fusion_builder_column fusion-builder-column-1 fusion_builder_column_1_2 1_2 fusion-flex-column\" style=\"--awb-bg-size:cover;--awb-width-large:50%;--awb-margin-top-large:0px;--awb-spacing-right-large:5.64%;--awb-margin-bottom-large:20px;--awb-spacing-left-large:5.64%;--awb-width-medium:50%;--awb-order-medium:0;--awb-spacing-right-medium:5.64%;--awb-spacing-left-medium:5.64%;--awb-width-small:100%;--awb-order-small:0;--awb-spacing-right-small:2.82%;--awb-spacing-left-small:2.82%;\"><div class=\"fusion-column-wrapper fusion-column-has-shadow fusion-flex-justify-content-flex-start fusion-content-layout-column\"><div class=\"fusion-text fusion-text-1\" style=\"--awb-text-color:var(--awb-color1);\"><p><strong>Ja mekl\u0113jat pagaidu vai ilgtermi\u0146a darbiniekus, uz nepilnu vai pilnu slodzi, ra\u017eo\u0161anas, lo\u0123istikas, uzkop\u0161anas vai tehnolo\u0123iju jom\u0101, tad m\u0113s v\u0113lamies uzzin\u0101t vair\u0101k par jums un j\u016bsu organiz\u0101ciju. \u013baujiet mums noskaidrot, ko j\u016bs mekl\u0113jat vai k\u0101 m\u0113s varam j\u016bs atbalst\u012bt. <\/strong><\/p>\n<\/div><div ><a class=\"fusion-button button-flat button-large button-default fusion-button-default button-1 fusion-button-default-span fusion-button-default-type\" target=\"_self\" href=\"#onze-diensten\"><span class=\"fusion-button-text awb-button__text awb-button__text--default\">M\u016bsu pakalpojumi<\/span><\/a><\/div><\/div><\/div><div class=\"fusion-layout-column fusion_builder_column fusion-builder-column-2 fusion_builder_column_1_2 1_2 fusion-flex-column\" style=\"--awb-bg-size:cover;--awb-width-large:50%;--awb-margin-top-large:0px;--awb-spacing-right-large:5.64%;--awb-margin-bottom-large:20px;--awb-spacing-left-large:5.64%;--awb-width-medium:50%;--awb-order-medium:0;--awb-spacing-right-medium:5.64%;--awb-spacing-left-medium:5.64%;--awb-width-small:100%;--awb-order-small:0;--awb-spacing-right-small:2.82%;--awb-spacing-left-small:2.82%;\"><div class=\"fusion-column-wrapper fusion-column-has-shadow fusion-flex-justify-content-flex-start fusion-content-layout-column\"><\/div><\/div><\/div><\/div><div class=\"fusion-fullwidth fullwidth-box fusion-builder-row-2 fusion-flex-container nonhundred-percent-fullwidth non-hundred-percent-height-scrolling\" style=\"--awb-border-radius-top-left:0px;--awb-border-radius-top-right:0px;--awb-border-radius-bottom-right:0px;--awb-border-radius-bottom-left:0px;--awb-padding-top:40px;--awb-padding-bottom:40px;--awb-flex-wrap:wrap;\" ><div class=\"fusion-builder-row fusion-row fusion-flex-align-items-flex-start fusion-flex-content-wrap\" style=\"max-width:1272px;margin-left: calc(-6% \/ 2 );margin-right: calc(-6% \/ 2 );\"><div class=\"fusion-layout-column fusion_builder_column fusion-builder-column-3 fusion_builder_column_3_4 3_4 fusion-flex-column\" style=\"--awb-bg-size:cover;--awb-width-large:75%;--awb-margin-top-large:0px;--awb-spacing-right-large:3.76%;--awb-margin-bottom-large:20px;--awb-spacing-left-large:3.76%;--awb-width-medium:75%;--awb-order-medium:0;--awb-spacing-right-medium:3.76%;--awb-spacing-left-medium:3.76%;--awb-width-small:100%;--awb-order-small:0;--awb-spacing-right-small:2.82%;--awb-spacing-left-small:2.82%;\"><div class=\"fusion-column-wrapper fusion-column-has-shadow fusion-flex-justify-content-flex-start fusion-content-layout-column\"><div class=\"fusion-title title fusion-title-2 fusion-sep-none fusion-title-text fusion-title-size-two\" style=\"--awb-margin-top-small:10px;--awb-margin-right-small:0px;--awb-margin-bottom-small:10px;--awb-margin-left-small:0px;\" id=\"onze-diensten\"><h2 class=\"fusion-title-heading title-heading-left fusion-responsive-typography-calculated\" style=\"margin:0;--fontSize:48;line-height:var(--awb-typography1-line-height);\">Unie-Pool pakalpojumi<\/h2><\/div><div class=\"fusion-text fusion-text-2\"><p>Kop\u0161 2004. gada Unie-Pool ir bijis uzticams partneris elast\u012bgo tehnolo\u0123iju jom\u0101 daudz\u0101m organiz\u0101cij\u0101m. Unie-Pool ir pragmatisks, nenoz\u012bm\u012bgs uz\u0146\u0113mums, kas pied\u0101v\u0101 praktiskus risin\u0101jumus. Str\u0101d\u0101jot kop\u0101 ar m\u016bsu uz\u0146\u0113mumu, j\u016bs 100% atslogosieties. Varat b\u016bt dro\u0161i, ka j\u016bsu person\u0101la l\u012bmenis un produktivit\u0101te ir garant\u0113ta. Tas \u013cauj j\u016bsu ra\u017eo\u0161anas vad\u012bt\u0101jiem koncentr\u0113ties uz savu pamatdarb\u012bbu. Uz\u0146\u0113mumam Unie-Pool nav ierobe\u017eota darba laika un tas ir pieejams 24 stundas 7 dienas ned\u0113\u013c\u0101. Tas \u013cauj mums \u0101tri, efekt\u012bvi un adekv\u0101ti rea\u0123\u0113t.<\/p>\n<h3><strong>Pagaidu l\u012bgumi<\/strong><\/h3>\n<p>Pagaidu darbinieku pie\u0146em\u0161ana darb\u0101, izmantojot Unie-Pool, nodro\u0161ina j\u016bsu organiz\u0101cijai sekojo\u0161o: elast\u012bbu, izmaksu ietaup\u012bjumu, \u0113rt\u012bbas un slim\u012bbu izrais\u012btu kapacit\u0101tes probl\u0113mu nov\u0113r\u0161anu. M\u016bsu person\u0101la atlases speci\u0101listiem ir pla\u0161s t\u012bkls, tostarp Polij\u0101 un Latvij\u0101, kur vi\u0146i sl\u0113dz l\u012bgumus ar cilv\u0113kiem, kuri v\u0113las str\u0101d\u0101t, m\u0101c\u012bties un dz\u012bvot N\u012bderland\u0113 uz laiku vai ilg\u0101ku laiku<\/p>\n<h3><strong>Nor\u012bkojums <\/strong><\/h3>\n<p>Nor\u012bkojums, izmantojot Unie-Pool, j\u016bsu organiz\u0101cijai noz\u012bm\u0113: elast\u012bgu, bet tom\u0113r p\u0101rliec\u012bbu par past\u0101v\u012bgu person\u0101lu l\u012bguma der\u012bguma laik\u0101. Papildu darbinieka(-u) nodro\u0161in\u0101\u0161ana struktur\u0101la piepras\u012bjuma pieauguma gad\u012bjum\u0101 vai, piem\u0113ram, darbinieka ilgsto\u0161as promb\u016btnes d\u0113\u013c j\u016bsu organiz\u0101cij\u0101. To darot, j\u016bs atbr\u012bvosities no administrat\u012bvajiem pas\u0101kumiem un slim\u012bbas riska. Ar Unie-Pool j\u016bs esat nodro\u0161in\u0101ts par proakt\u012bvu, uz risin\u0101jumiem orient\u0113tu un uz sadarb\u012bbu v\u0113rstu partneri.<\/p>\n<\/div><div ><a class=\"fusion-button button-flat button-large button-default fusion-button-default button-2 fusion-button-default-span fusion-button-default-type\" target=\"_self\" href=\"#vacature-aanmelden\"><span class=\"fusion-button-text awb-button__text awb-button__text--default\">Pieteikties darbam<\/span><\/a><\/div><\/div><\/div><div class=\"fusion-layout-column fusion_builder_column fusion-builder-column-4 fusion_builder_column_1_4 1_4 fusion-flex-column\" style=\"--awb-bg-size:cover;--awb-width-large:25%;--awb-margin-top-large:0px;--awb-spacing-right-large:11.28%;--awb-margin-bottom-large:20px;--awb-spacing-left-large:11.28%;--awb-width-medium:25%;--awb-order-medium:0;--awb-spacing-right-medium:11.28%;--awb-spacing-left-medium:11.28%;--awb-width-small:100%;--awb-order-small:0;--awb-spacing-right-small:2.82%;--awb-spacing-left-small:2.82%;\"><div class=\"fusion-column-wrapper fusion-column-has-shadow fusion-flex-justify-content-flex-start fusion-content-layout-column\"><\/div><\/div><\/div><\/div><div class=\"fusion-fullwidth fullwidth-box fusion-builder-row-3 fusion-flex-container nonhundred-percent-fullwidth non-hundred-percent-height-scrolling\" style=\"--awb-border-radius-top-left:0px;--awb-border-radius-top-right:0px;--awb-border-radius-bottom-right:0px;--awb-border-radius-bottom-left:0px;--awb-padding-top:40px;--awb-padding-bottom:40px;--awb-margin-top:0px;--awb-margin-bottom:0px;--awb-background-color:var(--awb-color3);--awb-flex-wrap:wrap;\" ><div class=\"fusion-builder-row fusion-row fusion-flex-align-items-flex-start fusion-flex-content-wrap\" style=\"max-width:1272px;margin-left: calc(-6% \/ 2 );margin-right: calc(-6% \/ 2 );\"><div class=\"fusion-layout-column fusion_builder_column fusion-builder-column-5 fusion_builder_column_3_4 3_4 fusion-flex-column\" style=\"--awb-bg-size:cover;--awb-width-large:75%;--awb-margin-top-large:0px;--awb-spacing-right-large:3.76%;--awb-margin-bottom-large:20px;--awb-spacing-left-large:3.76%;--awb-width-medium:75%;--awb-order-medium:0;--awb-spacing-right-medium:3.76%;--awb-spacing-left-medium:3.76%;--awb-width-small:100%;--awb-order-small:0;--awb-spacing-right-small:2.82%;--awb-spacing-left-small:2.82%;\"><div class=\"fusion-column-wrapper fusion-column-has-shadow fusion-flex-justify-content-flex-start fusion-content-layout-column\"><div class=\"fusion-title title fusion-title-3 fusion-sep-none fusion-title-text fusion-title-size-two\" style=\"--awb-margin-top-small:10px;--awb-margin-right-small:0px;--awb-margin-bottom-small:10px;--awb-margin-left-small:0px;\" id=\"vacature-aanmelden\"><h2 class=\"fusion-title-heading title-heading-left fusion-responsive-typography-calculated\" style=\"margin:0;--fontSize:48;line-height:var(--awb-typography1-line-height);\">Pieteikties darbam<\/h2><\/div><div class=\"fusion-text fusion-text-3\"><p>Vai pieteikties tie\u0161i savai vakancei? M\u0113s atvieglojam jums darbu! M\u0113s esam j\u016bsu r\u012bc\u012bb\u0101 kop\u0101 ar m\u016bsu elast\u012bgajiem darbiniekiem un labpr\u0101t sazin\u0101simies ar jums. Atst\u0101jiet savu inform\u0101ciju zem\u0101k, un m\u0113s ar jums sazin\u0101simies, cik dr\u012bz vien iesp\u0113jams<\/p>\n<\/div>\n<div class=\"wpcf7 no-js\" id=\"wpcf7-f1063-o1\" lang=\"lv-LV\" dir=\"ltr\" data-wpcf7-id=\"1063\">\n<div class=\"screen-reader-response\"><p role=\"status\" aria-live=\"polite\" aria-atomic=\"true\"><\/p> <ul><\/ul><\/div>\n<form action=\"\/lv\/wp-json\/wp\/v2\/pages\/770#wpcf7-f1063-o1\" method=\"post\" class=\"wpcf7-form init wpcf7-acceptance-as-validation\" aria-label=\"Contact form\" novalidate=\"novalidate\" data-status=\"init\">\n<fieldset class=\"hidden-fields-container\"><input type=\"hidden\" name=\"_wpcf7\" value=\"1063\" \/><input type=\"hidden\" name=\"_wpcf7_version\" value=\"6.1.5\" \/><input type=\"hidden\" name=\"_wpcf7_locale\" value=\"lv_LV\" \/><input type=\"hidden\" name=\"_wpcf7_unit_tag\" value=\"wpcf7-f1063-o1\" \/><input type=\"hidden\" name=\"_wpcf7_container_post\" value=\"0\" \/><input type=\"hidden\" name=\"_wpcf7_posted_data_hash\" value=\"\" \/><input type=\"hidden\" name=\"_wpcf7_recaptcha_response\" value=\"\" \/>\n<\/fieldset>\n<p style=\"margin-bottom: 25px;\"><label aria-label=\"name\"><span class=\"wpcf7-form-control-wrap\" data-name=\"voornaam\"><input size=\"40\" maxlength=\"400\" class=\"wpcf7-form-control wpcf7-text wpcf7-validates-as-required\" aria-required=\"true\" aria-invalid=\"false\" placeholder=\"V\u0101rds *\" value=\"\" type=\"text\" name=\"voornaam\" \/><\/span><\/label>\n<\/p>\n<p style=\"margin-bottom: 25px;\"><label aria-label=\"name\"><span class=\"wpcf7-form-control-wrap\" data-name=\"achternaam\"><input size=\"40\" maxlength=\"400\" class=\"wpcf7-form-control wpcf7-text wpcf7-validates-as-required\" aria-required=\"true\" aria-invalid=\"false\" placeholder=\"Uzv\u0101rds *\" value=\"\" type=\"text\" name=\"achternaam\" \/><\/span><\/label>\n<\/p>\n<p style=\"margin-bottom: 25px;\"><label aria-label=\"email\"><span class=\"wpcf7-form-control-wrap\" data-name=\"zakelijke-email\"><input size=\"40\" maxlength=\"400\" class=\"wpcf7-form-control wpcf7-email wpcf7-validates-as-required wpcf7-text wpcf7-validates-as-email\" aria-required=\"true\" aria-invalid=\"false\" placeholder=\"Uz\u0146\u0113muma e-pasta adrese *\" value=\"\" type=\"email\" name=\"zakelijke-email\" \/><\/span><\/label>\n<\/p>\n<p style=\"margin-bottom: 25px;\"><label aria-label=\"phone\"><span class=\"wpcf7-form-control-wrap\" data-name=\"telefoonnummer\"><input size=\"40\" maxlength=\"400\" class=\"wpcf7-form-control wpcf7-text wpcf7-validates-as-required\" aria-required=\"true\" aria-invalid=\"false\" placeholder=\"Telefona numurs *\" value=\"\" type=\"text\" name=\"telefoonnummer\" \/><\/span><\/label>\n<\/p>\n<p style=\"margin-bottom: 25px;\"><label aria-label=\"checkemail\"><span class=\"wpcf7-form-control-wrap\" data-name=\"organisatie\"><input size=\"40\" maxlength=\"400\" class=\"wpcf7-form-control wpcf7-text wpcf7-validates-as-required\" aria-required=\"true\" aria-invalid=\"false\" placeholder=\"Organiz\u0101cija *\" value=\"\" type=\"text\" name=\"organisatie\" \/><\/span><\/label>\n<\/p>\n<p style=\"margin-bottom: 25px;\"><label aria-label=\"checkemail\"><span class=\"wpcf7-form-control-wrap\" data-name=\"woonplaats\"><input size=\"40\" maxlength=\"400\" class=\"wpcf7-form-control wpcf7-text wpcf7-validates-as-required\" aria-required=\"true\" aria-invalid=\"false\" placeholder=\"Dz\u012bvesvieta *\" value=\"\" type=\"text\" name=\"woonplaats\" \/><\/span><\/label>\n<\/p>\n<p style=\"margin-bottom: 25px;\"><label aria-label=\"message\"><span class=\"wpcf7-form-control-wrap\" data-name=\"vraag-opmerking\"><textarea cols=\"40\" rows=\"10\" maxlength=\"2000\" class=\"wpcf7-form-control wpcf7-textarea\" aria-invalid=\"false\" placeholder=\"Jebkur\u0161 jaut\u0101jums vai koment\u0101rs\" name=\"vraag-opmerking\"><\/textarea><\/span><\/label>\n<\/p>\n<p><span class=\"wpcf7-form-control-wrap\" data-name=\"your-acceptance\"><span class=\"wpcf7-form-control wpcf7-acceptance\"><span class=\"wpcf7-list-item\"><label><input type=\"checkbox\" name=\"your-acceptance\" value=\"1\" aria-invalid=\"false\" \/><span class=\"wpcf7-list-item-label\">Izmantojot \u0161o veidlapu, j\u016bs piekr\u012btat m\u016bsu <a href=\"https:\/\/www.uniepool.com\/lv\/privatuma-deklaracija\/\" target=\"_blank\">privatuma deklaracija<\/a><\/span><\/label><\/span><\/span><\/span>\n<\/p>\n<p style=\"margin-bottom: 25px;\"><input class=\"wpcf7-form-control wpcf7-submit has-spinner\" type=\"submit\" value=\"S\u016bt\u012bt\" \/>\n<\/p><div class=\"fusion-alert alert custom alert-custom fusion-alert-center wpcf7-response-output awb-alert-native-link-color alert-dismissable awb-alert-close-boxed\" style=\"--awb-border-size:1px;--awb-border-top-left-radius:0px;--awb-border-top-right-radius:0px;--awb-border-bottom-left-radius:0px;--awb-border-bottom-right-radius:0px;\" role=\"alert\"><div class=\"fusion-alert-content-wrapper\"><span class=\"fusion-alert-content\"><\/span><\/div><button type=\"button\" class=\"close toggle-alert\" data-dismiss=\"alert\" aria-label=\"Close\">&times;<\/button><\/div>\n<\/form>\n<\/div>\n<\/div><\/div><div class=\"fusion-layout-column fusion_builder_column fusion-builder-column-6 fusion_builder_column_1_4 1_4 fusion-flex-column\" style=\"--awb-bg-size:cover;--awb-width-large:25%;--awb-margin-top-large:0px;--awb-spacing-right-large:11.28%;--awb-margin-bottom-large:20px;--awb-spacing-left-large:11.28%;--awb-width-medium:25%;--awb-order-medium:0;--awb-spacing-right-medium:11.28%;--awb-spacing-left-medium:11.28%;--awb-width-small:100%;--awb-order-small:0;--awb-spacing-right-small:2.82%;--awb-spacing-left-small:2.82%;\"><div class=\"fusion-column-wrapper fusion-column-has-shadow fusion-flex-justify-content-flex-start fusion-content-layout-column\"><\/div><\/div><\/div><\/div><\/p>\n","protected":false},"excerpt":{"rendered":"","protected":false},"author":1,"featured_media":0,"parent":0,"menu_order":10,"comment_status":"closed","ping_status":"closed","template":"100-width.php","meta":{"_acf_changed":false,"footnotes":""},"class_list":["post-770","page","type-page","status-publish","hentry"],"acf":[],"yoast_head":"<!-- This site is optimized with the Yoast SEO plugin v27.3 - https:\/\/yoast.com\/product\/yoast-seo-wordpress\/ -->\n<title>Darba dev\u0113js - Unie-Pool<\/title>\n<meta name=\"robots\" content=\"index, follow, max-snippet:-1, max-image-preview:large, max-video-preview:-1\" \/>\n<link rel=\"canonical\" href=\"https:\/\/uniepool.com\/lv\/darba-devejs\/\" \/>\n<meta property=\"og:locale\" content=\"lv_LV\" \/>\n<meta property=\"og:type\" content=\"article\" \/>\n<meta property=\"og:title\" content=\"Darba dev\u0113js - Unie-Pool\" \/>\n<meta property=\"og:url\" content=\"https:\/\/uniepool.com\/lv\/darba-devejs\/\" \/>\n<meta property=\"og:site_name\" content=\"Unie-Pool\" \/>\n<meta property=\"article:publisher\" content=\"https:\/\/www.facebook.com\/uniepoolpersoneel\/\" \/>\n<meta property=\"article:modified_time\" content=\"2023-01-24T12:57:03+00:00\" \/>\n<meta name=\"twitter:card\" content=\"summary_large_image\" \/>\n<meta name=\"twitter:label1\" content=\"Est. reading time\" \/>\n\t<meta name=\"twitter:data1\" content=\"9 minutes\" \/>\n<script type=\"application\/ld+json\" class=\"yoast-schema-graph\">{\"@context\":\"https:\\\/\\\/schema.org\",\"@graph\":[{\"@type\":\"WebPage\",\"@id\":\"https:\\\/\\\/uniepool.com\\\/lv\\\/darba-devejs\\\/\",\"url\":\"https:\\\/\\\/uniepool.com\\\/lv\\\/darba-devejs\\\/\",\"name\":\"Darba dev\u0113js - Unie-Pool\",\"isPartOf\":{\"@id\":\"https:\\\/\\\/uniepool.com\\\/lv\\\/#website\"},\"datePublished\":\"2022-10-11T14:08:29+00:00\",\"dateModified\":\"2023-01-24T12:57:03+00:00\",\"breadcrumb\":{\"@id\":\"https:\\\/\\\/uniepool.com\\\/lv\\\/darba-devejs\\\/#breadcrumb\"},\"inLanguage\":\"lv-LV\",\"potentialAction\":[{\"@type\":\"ReadAction\",\"target\":[\"https:\\\/\\\/uniepool.com\\\/lv\\\/darba-devejs\\\/\"]}]},{\"@type\":\"BreadcrumbList\",\"@id\":\"https:\\\/\\\/uniepool.com\\\/lv\\\/darba-devejs\\\/#breadcrumb\",\"itemListElement\":[{\"@type\":\"ListItem\",\"position\":1,\"name\":\"Home\",\"item\":\"https:\\\/\\\/uniepool.com\\\/lv\\\/\"},{\"@type\":\"ListItem\",\"position\":2,\"name\":\"Darba dev\u0113js\"}]},{\"@type\":\"WebSite\",\"@id\":\"https:\\\/\\\/uniepool.com\\\/lv\\\/#website\",\"url\":\"https:\\\/\\\/uniepool.com\\\/lv\\\/\",\"name\":\"Unie-Pool Personeel\",\"description\":\"Werving &amp; selectie voor o.a. productiebedrijven en logistieke sectoren\",\"alternateName\":\"Unie-Pool\",\"potentialAction\":[{\"@type\":\"SearchAction\",\"target\":{\"@type\":\"EntryPoint\",\"urlTemplate\":\"https:\\\/\\\/uniepool.com\\\/lv\\\/?s={search_term_string}\"},\"query-input\":{\"@type\":\"PropertyValueSpecification\",\"valueRequired\":true,\"valueName\":\"search_term_string\"}}],\"inLanguage\":\"lv-LV\"}]}<\/script>\n<!-- \/ Yoast SEO plugin. -->","yoast_head_json":{"title":"Darba dev\u0113js - Unie-Pool","robots":{"index":"index","follow":"follow","max-snippet":"max-snippet:-1","max-image-preview":"max-image-preview:large","max-video-preview":"max-video-preview:-1"},"canonical":"https:\/\/uniepool.com\/lv\/darba-devejs\/","og_locale":"lv_LV","og_type":"article","og_title":"Darba dev\u0113js - Unie-Pool","og_url":"https:\/\/uniepool.com\/lv\/darba-devejs\/","og_site_name":"Unie-Pool","article_publisher":"https:\/\/www.facebook.com\/uniepoolpersoneel\/","article_modified_time":"2023-01-24T12:57:03+00:00","twitter_card":"summary_large_image","twitter_misc":{"Est. reading time":"9 minutes"},"schema":{"@context":"https:\/\/schema.org","@graph":[{"@type":"WebPage","@id":"https:\/\/uniepool.com\/lv\/darba-devejs\/","url":"https:\/\/uniepool.com\/lv\/darba-devejs\/","name":"Darba dev\u0113js - Unie-Pool","isPartOf":{"@id":"https:\/\/uniepool.com\/lv\/#website"},"datePublished":"2022-10-11T14:08:29+00:00","dateModified":"2023-01-24T12:57:03+00:00","breadcrumb":{"@id":"https:\/\/uniepool.com\/lv\/darba-devejs\/#breadcrumb"},"inLanguage":"lv-LV","potentialAction":[{"@type":"ReadAction","target":["https:\/\/uniepool.com\/lv\/darba-devejs\/"]}]},{"@type":"BreadcrumbList","@id":"https:\/\/uniepool.com\/lv\/darba-devejs\/#breadcrumb","itemListElement":[{"@type":"ListItem","position":1,"name":"Home","item":"https:\/\/uniepool.com\/lv\/"},{"@type":"ListItem","position":2,"name":"Darba dev\u0113js"}]},{"@type":"WebSite","@id":"https:\/\/uniepool.com\/lv\/#website","url":"https:\/\/uniepool.com\/lv\/","name":"Unie-Pool Personeel","description":"Werving &amp; selectie voor o.a. productiebedrijven en logistieke sectoren","alternateName":"Unie-Pool","potentialAction":[{"@type":"SearchAction","target":{"@type":"EntryPoint","urlTemplate":"https:\/\/uniepool.com\/lv\/?s={search_term_string}"},"query-input":{"@type":"PropertyValueSpecification","valueRequired":true,"valueName":"search_term_string"}}],"inLanguage":"lv-LV"}]}},"_links":{"self":[{"href":"https:\/\/uniepool.com\/lv\/wp-json\/wp\/v2\/pages\/770","targetHints":{"allow":["GET"]}}],"collection":[{"href":"https:\/\/uniepool.com\/lv\/wp-json\/wp\/v2\/pages"}],"about":[{"href":"https:\/\/uniepool.com\/lv\/wp-json\/wp\/v2\/types\/page"}],"author":[{"embeddable":true,"href":"https:\/\/uniepool.com\/lv\/wp-json\/wp\/v2\/users\/1"}],"replies":[{"embeddable":true,"href":"https:\/\/uniepool.com\/lv\/wp-json\/wp\/v2\/comments?post=770"}],"version-history":[{"count":3,"href":"https:\/\/uniepool.com\/lv\/wp-json\/wp\/v2\/pages\/770\/revisions"}],"predecessor-version":[{"id":1261,"href":"https:\/\/uniepool.com\/lv\/wp-json\/wp\/v2\/pages\/770\/revisions\/1261"}],"wp:attachment":[{"href":"https:\/\/uniepool.com\/lv\/wp-json\/wp\/v2\/media?parent=770"}],"curies":[{"name":"wp","href":"https:\/\/api.w.org\/{rel}","templated":true}]}}